{"id":316,"date":"2016-11-19T17:51:09","date_gmt":"2016-11-19T17:51:09","guid":{"rendered":"http:\/\/159.203.74.176\/?page_id=316"},"modified":"2021-02-25T14:27:21","modified_gmt":"2021-02-25T14:27:21","slug":"nosotros","status":"publish","type":"page","link":"https:\/\/www.cientificos.pe\/?page_id=316","title":{"rendered":"Nosotros"},"content":{"rendered":"<p>[vc_row][vc_column][vc_column_text]<\/p>\n<p style=\"text-align: justify;\">El cari\u00f1o que sentimos por nuestro pa\u00eds, y el deseo de verlo desarrollarse en base a la ciencia, la tecnolog\u00eda y la innovaci\u00f3n da origen a <span style=\"color: #000000;\"><strong>Cientificos.pe<\/strong><\/span>, un espacio de interacci\u00f3n entre la di\u00e1spora cient\u00edfica peruana alrededor del mundo, los actores del desarrollo de la ciencia y la educaci\u00f3n en nuestro pa\u00eds y la sociedad en general. Los valores que son los cimientos de <a href=\"https:\/\/www.mapah.net\/cientificos-pe\" target=\"_blank\" rel=\"noopener noreferrer\">Cientificos.pe<\/a> son:<\/p>\n<ul>\n<li style=\"text-align: justify;\">El compromiso con el Per\u00fa<\/li>\n<li style=\"text-align: justify;\">Trabajo solidario en comunidad<\/li>\n<\/ul>\n<p style=\"text-align: justify;\"><span style=\"color: #000000;\">Tenemos<\/span> como misi\u00f3n el divulgar la ciencia a todo nivel, transmitir el conocimiento cient\u00edfico, generar la interacci\u00f3n entre los cient\u00edficos peruanos en el extranjero y en nuestro pa\u00eds y fomentar iniciativas para el desarrollo de la ciencia, tecnolog\u00eda e innovaci\u00f3n en el Per\u00fa. Buscamos de esta manera poder generar:<\/p>\n<ul>\n<li style=\"text-align: justify;\">Que mas j\u00f3venes descubran el camino de la ciencia e ingenier\u00eda, brindando puentes para que muchos de ellos sigan una carrera de STEM en el Per\u00fa o en extranjero, haciendo investigaci\u00f3n cient\u00edfica.<\/li>\n<li style=\"text-align: justify;\">Colaborar con las pol\u00edticas de promoci\u00f3n de la ciencia del Per\u00fa.<\/li>\n<li style=\"text-align: justify;\">Generar proyectos entre los miembros de la comunidad e instituciones educativas y\/o de investigaci\u00f3n en el Per\u00fa.<\/li>\n<\/ul>\n<p style=\"text-align: justify;\">Por otro lado tenemos la visi\u00f3n de ser una plataforma de interacci\u00f3n de cient\u00edficos peruanos recurrida para estar al d\u00eda de las investigaciones. Los invitamos a ser parte de nuestra comunidad, proponer iniciativas, nuevas ideas y brindar sugerencias, de tal forma que la comunidad crezca y generemos aportes al desarrollo de la ciencia, tecnolog\u00eda e innovaci\u00f3n en nuestro pa\u00eds.<\/p>\n<p style=\"text-align: justify;\"><em>Equipo de coordinaci\u00f3n de Cientificos.pe<\/em><\/p>\n<p>[\/vc_column_text][\/vc_column][\/vc_row]<\/p>\n","protected":false},"excerpt":{"rendered":"<p>[vc_row][vc_column][vc_column_text] El cari\u00f1o que sentimos por nuestro pa\u00eds, y el deseo de verlo desarrollarse en base a la ciencia, la tecnolog\u00eda y la innovaci\u00f3n da origen a Cientificos.pe, un espacio de interacci\u00f3n entre la di\u00e1spora cient\u00edfica peruana alrededor del mundo, los actores del desarrollo de la ciencia y la educaci\u00f3n en nuestro pa\u00eds y la [&hellip;]<\/p>\n","protected":false},"author":2,"featured_media":0,"parent":0,"menu_order":0,"comment_status":"closed","ping_status":"closed","template":"","meta":[],"_links":{"self":[{"href":"https:\/\/www.cientificos.pe\/index.php?rest_route=\/wp\/v2\/pages\/316"}],"collection":[{"href":"https:\/\/www.cientificos.pe\/index.php?rest_route=\/wp\/v2\/pages"}],"about":[{"href":"https:\/\/www.cientificos.pe\/index.php?rest_route=\/wp\/v2\/types\/page"}],"author":[{"embeddable":true,"href":"https:\/\/www.cientificos.pe\/index.php?rest_route=\/wp\/v2\/users\/2"}],"replies":[{"embeddable":true,"href":"https:\/\/www.cientificos.pe\/index.php?rest_route=%2Fwp%2Fv2%2Fcomments&post=316"}],"version-history":[{"count":14,"href":"https:\/\/www.cientificos.pe\/index.php?rest_route=\/wp\/v2\/pages\/316\/revisions"}],"predecessor-version":[{"id":6414,"href":"https:\/\/www.cientificos.pe\/index.php?rest_route=\/wp\/v2\/pages\/316\/revisions\/6414"}],"wp:attachment":[{"href":"https:\/\/www.cientificos.pe\/index.php?rest_route=%2Fwp%2Fv2%2Fmedia&parent=316"}],"curies":[{"name":"wp","href":"https:\/\/api.w.org\/{rel}","templated":true}]}}