{"id":3677,"date":"2020-02-22T09:55:46","date_gmt":"2020-02-22T09:55:46","guid":{"rendered":"http:\/\/www.cientificos.pe\/?page_id=3677"},"modified":"2022-10-11T09:54:24","modified_gmt":"2022-10-11T09:54:24","slug":"brindemos-ciencia","status":"publish","type":"page","link":"https:\/\/www.cientificos.pe\/?page_id=3677","title":{"rendered":"Brindemos Ciencias"},"content":{"rendered":"<p>[vc_row][vc_column][vc_column_text]<\/p>\r\n\r\n<p style=\"text-align: justify;\"><span style=\"font-weight: 400;\">Brindemos Ciencia es un espacio de encuentro entre la &#8220;Ciencia y la Sociedad&#8221;, donde investigadores\/cient\u00edficos y personas relacionadas a la CTI del Per\u00fa, ofrecen charlas de divulgaci\u00f3n de temas actuales o de inter\u00e9s de la sociedad, todo esto en un ambiente distendido alrededor de una buena cerveza. Con la realizaci\u00f3n de &#8220;Brindemos Ciencia&#8221; nos interesa lograr la interacci\u00f3n entre los expositores y el p\u00fablico en general, que se realicen preguntas y estas sean respondidas por los especialistas.<\/span><\/p>\r\n<h3><b>Objetivos<\/b><\/h3>\r\n<ul>\r\n<li style=\"font-weight: 400;\"><span style=\"font-weight: 400;\">Acercar la ciencia a la sociedad mediante la divulgaci\u00f3n cient\u00edfica<\/span><\/li>\r\n<li style=\"font-weight: 400;\"><span style=\"font-weight: 400;\">Fomentar el pensamiento cr\u00edtico y la importancia de la CTI y la educaci\u00f3n de calidad.<\/span><\/li>\r\n<li style=\"font-weight: 400;\"><span style=\"font-weight: 400;\">Generar un punto de encuentro para la comunidad cient\u00edfica local<\/span><\/li>\r\n<li><span style=\"font-weight: 400;\">Transmitir conocimiento para combatir la mala informaci\u00f3n, <\/span><i style=\"font-size: inherit;\">fakenews<\/i><span style=\"font-weight: 400;\"> y pseudociencias.<\/span><\/li>\r\n<\/ul>\r\n<h3><b>Formato\u00a0<\/b><\/h3>\r\n<p style=\"text-align: justify;\"><span style=\"font-weight: 400;\">El formato de <\/span><i><span style=\"font-weight: 400;\">\u201cBrindemos Ciencia\u201d<\/span><\/i><span style=\"font-weight: 400;\"> es el siguiente.<\/span><\/p>\r\n<p style=\"text-align: justify;\"><span style=\"font-weight: 400;\">Una vez que los participantes (p\u00fablico y expositores) est\u00e1n ya ubicados en el punto de encuentro, el primer expositor es presentado. Durante 15-20 minutos nos transmitir\u00e1 un mensaje, de manera coloquial y guardando toda la rigurosidad cient\u00edfica. <\/span><span style=\"font-weight: 400;\">Una vez terminada la charla debe hacer se le invita a hacer un brindis <\/span><i><span style=\"font-weight: 400;\"><strong>\u201cBrindemos Ciencia\u201d<\/strong><\/span><\/i><span style=\"font-weight: 400;\">. Despu\u00e9s de una pausa de 30 minutos se presenta al nuevo expositor. Esto se repite 3 veces durante la soir\u00e9e.<\/span><\/p>\r\n<p>&nbsp;<\/p>\r\n\r\n\r\n\r\n<p>[\/vc_column_text][vc_column_text]<\/p>\r\n<h3><b>Primera Sesi\u00f3n &#8211; Enero 2020<\/b><\/h3>\r\n<ul>\r\n<li>Dr. Pedro Romero<\/li>\r\n<li>Dra. Natali Hurtado<\/li>\r\n<li>Dr. Daniel Guerra<\/li>\r\n<\/ul>\r\n<p>[\/vc_column_text][vc_column_text] [\/vc_column_text][vc_column_text]<\/p>\r\n<h3><b>Segunda Sesi\u00f3n &#8211; Febrero 2020<\/b><\/h3>\r\n<!-- \/wp:tadv\/classic-paragraph -->\r\n\r\n<!-- wp:gallery {\"ids\":[3683,3684,3685,3686],\"columns\":2,\"align\":\"center\"} -->\r\n<ul>\r\n<li>Dr. Edward Malaga-Trillo exponiendo sobre el pez Cebra<\/li>\r\n<li>David Castro mostrando vegetales transg\u00e9nicos<\/li>\r\n<li>MSc. Ing. Natali Valdiviezo conversando sobre la accesibilidad en la ciudad de Lima<\/li>\r\n<\/ul>\r\n<p><img loading=\"lazy\" class=\"wp-image-3686 aligncenter\" src=\"http:\/\/www.cientificos.pe\/wp-content\/uploads\/2020\/02\/Poster-vertical-Brindemos-Ciencia2.0-742x1024.png\" alt=\"\" width=\"371\" height=\"512\" data-id=\"3686\" data-link=\"http:\/\/www.cientificos.pe\/index.php\/brindemos-ciencia\/poster-vertical-brindemos-ciencia2-0\/\" srcset=\"https:\/\/www.cientificos.pe\/wp-content\/uploads\/2020\/02\/Poster-vertical-Brindemos-Ciencia2.0-742x1024.png 742w, https:\/\/www.cientificos.pe\/wp-content\/uploads\/2020\/02\/Poster-vertical-Brindemos-Ciencia2.0-217x300.png 217w, https:\/\/www.cientificos.pe\/wp-content\/uploads\/2020\/02\/Poster-vertical-Brindemos-Ciencia2.0-768x1060.png 768w, https:\/\/www.cientificos.pe\/wp-content\/uploads\/2020\/02\/Poster-vertical-Brindemos-Ciencia2.0-696x961.png 696w, https:\/\/www.cientificos.pe\/wp-content\/uploads\/2020\/02\/Poster-vertical-Brindemos-Ciencia2.0-304x420.png 304w, https:\/\/www.cientificos.pe\/wp-content\/uploads\/2020\/02\/Poster-vertical-Brindemos-Ciencia2.0.png 809w\" sizes=\"(max-width: 371px) 100vw, 371px\" \/><b style=\"color: #111111; font-family: Roboto, sans-serif; font-size: 22px;\">Contacto<\/b> Para cualquier informaci\u00f3n o sugerencia, contactarse al email: contacto@cientificos.pe. Si deseas participar o recomendar a alguien escr\u00edbenos! [\/vc_column_text][vc_video link=&#8221;https:\/\/youtu.be\/dmbFfWYuS08&#8243; el_aspect=&#8221;235&#8243; align=&#8221;center&#8221; title=&#8221;Extractos de Brindemos Ciencia, Bar Cerveceros Unidos, Miraflores&#8221;][vc_video link=&#8221;https:\/\/www.youtube.com\/watch?v=tSeVwYX8bIw&#8221; el_aspect=&#8221;235&#8243; align=&#8221;center&#8221; title=&#8221;Extractos de Brindemos Ciencia, Bar Cerveceros Unidos, Miraflores&#8221;][vc_video link=&#8221;https:\/\/www.youtube.com\/watch?v=r_DiO_ZCsbs&#8221; el_aspect=&#8221;235&#8243; align=&#8221;right&#8221; title=&#8221;Extractos de Brindemos Ciencia, Bar Cerveceros Unidos, Miraflores&#8221;][vc_column_text] <img loading=\"lazy\" class=\"wp-image-7972 aligncenter\" src=\"https:\/\/www.cientificos.pe\/wp-content\/uploads\/2022\/10\/BC-chacha.jpg\" alt=\"\" width=\"444\" height=\"628\" srcset=\"https:\/\/www.cientificos.pe\/wp-content\/uploads\/2022\/10\/BC-chacha.jpg 1080w, https:\/\/www.cientificos.pe\/wp-content\/uploads\/2022\/10\/BC-chacha-212x300.jpg 212w, https:\/\/www.cientificos.pe\/wp-content\/uploads\/2022\/10\/BC-chacha-724x1024.jpg 724w, https:\/\/www.cientificos.pe\/wp-content\/uploads\/2022\/10\/BC-chacha-768x1087.jpg 768w, https:\/\/www.cientificos.pe\/wp-content\/uploads\/2022\/10\/BC-chacha-696x985.jpg 696w, https:\/\/www.cientificos.pe\/wp-content\/uploads\/2022\/10\/BC-chacha-1068x1511.jpg 1068w, https:\/\/www.cientificos.pe\/wp-content\/uploads\/2022\/10\/BC-chacha-297x420.jpg 297w\" sizes=\"(max-width: 444px) 100vw, 444px\" \/> <div class=\"epyt-video-wrapper\"><iframe  style=\"display: block; margin: 0px auto;\"  id=\"_ytid_92671\"  width=\"640\" height=\"360\"  data-origwidth=\"640\" data-origheight=\"360\"  data-relstop=\"1\" src=\"https:\/\/www.youtube.com\/embed\/lY5KKzNjUfY?enablejsapi=1&autoplay=0&cc_load_policy=0&cc_lang_pref=&iv_load_policy=1&loop=0&modestbranding=1&rel=0&fs=1&playsinline=0&autohide=2&hl=es_PE&theme=dark&color=red&controls=1&\" class=\"__youtube_prefs__  no-lazyload\" title=\"Brindemos Ciencias Chachapoyas\"  allow=\"fullscreen; accelerometer; autoplay; clipboard-write; encrypted-media; gyroscope; picture-in-picture\" allowfullscreen data-no-lazy=\"1\" data-skipgform_ajax_framebjll=\"\"><\/iframe><\/div> [\/vc_column_text][\/vc_column][\/vc_row]<\/p>","protected":false},"excerpt":{"rendered":"<p>[vc_row][vc_column][vc_column_text] Brindemos Ciencia es un espacio de encuentro entre la &#8220;Ciencia y la Sociedad&#8221;, donde investigadores\/cient\u00edficos y personas relacionadas a la CTI del Per\u00fa, ofrecen charlas de divulgaci\u00f3n de temas actuales o de inter\u00e9s de la sociedad, todo esto en un ambiente distendido alrededor de una buena cerveza. Con la realizaci\u00f3n de &#8220;Brindemos Ciencia&#8221; nos [&hellip;]<\/p>\n","protected":false},"author":2,"featured_media":0,"parent":0,"menu_order":0,"comment_status":"closed","ping_status":"closed","template":"","meta":[],"_links":{"self":[{"href":"https:\/\/www.cientificos.pe\/index.php?rest_route=\/wp\/v2\/pages\/3677"}],"collection":[{"href":"https:\/\/www.cientificos.pe\/index.php?rest_route=\/wp\/v2\/pages"}],"about":[{"href":"https:\/\/www.cientificos.pe\/index.php?rest_route=\/wp\/v2\/types\/page"}],"author":[{"embeddable":true,"href":"https:\/\/www.cientificos.pe\/index.php?rest_route=\/wp\/v2\/users\/2"}],"replies":[{"embeddable":true,"href":"https:\/\/www.cientificos.pe\/index.php?rest_route=%2Fwp%2Fv2%2Fcomments&post=3677"}],"version-history":[{"count":51,"href":"https:\/\/www.cientificos.pe\/index.php?rest_route=\/wp\/v2\/pages\/3677\/revisions"}],"predecessor-version":[{"id":8037,"href":"https:\/\/www.cientificos.pe\/index.php?rest_route=\/wp\/v2\/pages\/3677\/revisions\/8037"}],"wp:attachment":[{"href":"https:\/\/www.cientificos.pe\/index.php?rest_route=%2Fwp%2Fv2%2Fmedia&parent=3677"}],"curies":[{"name":"wp","href":"https:\/\/api.w.org\/{rel}","templated":true}]}}