{"id":4025,"date":"2020-05-10T09:58:17","date_gmt":"2020-05-10T09:58:17","guid":{"rendered":"http:\/\/www.cientificos.pe\/?page_id=4025"},"modified":"2023-08-22T18:16:09","modified_gmt":"2023-08-22T18:16:09","slug":"los-caminos-de-feynman","status":"publish","type":"page","link":"https:\/\/www.cientificos.pe\/?page_id=4025","title":{"rendered":"Los caminos de Feynman"},"content":{"rendered":"<p>[vc_row][vc_column][vc_column_text]<\/p>\n<h1 style=\"text-align: center;\"><strong>Los caminos de Feynman<\/strong><\/h1>\n<p>[\/vc_column_text][\/vc_column][\/vc_row][vc_row][vc_column][vc_column_text]<\/p>\n<p style=\"text-align: justify;\"><img loading=\"lazy\" class=\"size-medium wp-image-5732 alignright\" src=\"https:\/\/www.cientificos.pe\/wp-content\/uploads\/2020\/11\/logocaminos-300x300.jpg\" alt=\"\" width=\"300\" height=\"300\" srcset=\"https:\/\/www.cientificos.pe\/wp-content\/uploads\/2020\/11\/logocaminos-300x300.jpg 300w, https:\/\/www.cientificos.pe\/wp-content\/uploads\/2020\/11\/logocaminos-1024x1024.jpg 1024w, https:\/\/www.cientificos.pe\/wp-content\/uploads\/2020\/11\/logocaminos-150x150.jpg 150w, https:\/\/www.cientificos.pe\/wp-content\/uploads\/2020\/11\/logocaminos-768x768.jpg 768w, https:\/\/www.cientificos.pe\/wp-content\/uploads\/2020\/11\/logocaminos-696x696.jpg 696w, https:\/\/www.cientificos.pe\/wp-content\/uploads\/2020\/11\/logocaminos-1068x1068.jpg 1068w, https:\/\/www.cientificos.pe\/wp-content\/uploads\/2020\/11\/logocaminos-420x420.jpg 420w, https:\/\/www.cientificos.pe\/wp-content\/uploads\/2020\/11\/logocaminos.jpg 1389w\" sizes=\"(max-width: 300px) 100vw, 300px\" \/>La f\u00edsica es un camino apasionante, lleno de experiencias y aventuras que te est\u00e1n esperando. En Los Caminos de Feynman queremos que te enteres que hay oportunidades en el extranjero, que te motives a aplicar, que conozcas a los peruanos que se atrevieron y est\u00e1n sobresaliendo. Compartiremos sus trabajos y experiencias. Adicionalmente, nos encargaremos de compartir temas de divulgaci\u00f3n para que sepas el potencial que esta carrera tiene y la ames a\u00fan m\u00e1s.<\/p>\n<p style=\"text-align: justify;\">T\u00fa empezar\u00e1s a hac<span class=\"text_exposed_show\">er tu propio camino, y sabemos que no morir\u00e1s en el intento porque \u00a1Los caminos de Feynman estar\u00e1n contigo!<\/span><\/p>\n<div class=\"text_exposed_show\">\n<p style=\"text-align: justify;\">\u00a1Bienvenidos! Los caminos de Feynman no son sencillos, pero s\u00ed que valen la pena.<\/p>\n<\/div>\n<p><strong>Contacto: caminos.feynman@gmail.com<\/strong>[\/vc_column_text][\/vc_column][\/vc_row][vc_row][vc_column el_class=&#8221;Equipo&#8221;][vc_column_text]<\/p>\n<h1><strong>Equipo<\/strong><\/h1>\n<p>[\/vc_column_text][vc_media_grid element_width=&#8221;2&#8243; gap=&#8221;4&#8243; item=&#8221;5796&#8243; grid_id=&#8221;vc_gid:1692724737498-36b64c73-ed19-6&#8243; include=&#8221;5807,5813,3859,5815&#8243;][vc_column_text]<\/p>\n<h1><strong>Antiguos colaboradores<\/strong><\/h1>\n<p>[\/vc_column_text][vc_media_grid element_width=&#8221;2&#8243; gap=&#8221;4&#8243; item=&#8221;5796&#8243; grid_id=&#8221;vc_gid:1692724737499-8da7ff5b-4cba-4&#8243; include=&#8221;5817,5819&#8243;][\/vc_column][\/vc_row]<\/p>\n","protected":false},"excerpt":{"rendered":"<p>[vc_row][vc_column][vc_column_text] Los caminos de Feynman [\/vc_column_text][\/vc_column][\/vc_row][vc_row][vc_column][vc_column_text] La f\u00edsica es un camino apasionante, lleno de experiencias y aventuras que te est\u00e1n esperando. En Los Caminos de Feynman queremos que te enteres que hay oportunidades en el extranjero, que te motives a aplicar, que conozcas a los peruanos que se atrevieron y est\u00e1n sobresaliendo. Compartiremos sus trabajos [&hellip;]<\/p>\n","protected":false},"author":2,"featured_media":0,"parent":0,"menu_order":0,"comment_status":"closed","ping_status":"closed","template":"page-pagebuilder-latest.php","meta":[],"_links":{"self":[{"href":"https:\/\/www.cientificos.pe\/index.php?rest_route=\/wp\/v2\/pages\/4025"}],"collection":[{"href":"https:\/\/www.cientificos.pe\/index.php?rest_route=\/wp\/v2\/pages"}],"about":[{"href":"https:\/\/www.cientificos.pe\/index.php?rest_route=\/wp\/v2\/types\/page"}],"author":[{"embeddable":true,"href":"https:\/\/www.cientificos.pe\/index.php?rest_route=\/wp\/v2\/users\/2"}],"replies":[{"embeddable":true,"href":"https:\/\/www.cientificos.pe\/index.php?rest_route=%2Fwp%2Fv2%2Fcomments&post=4025"}],"version-history":[{"count":61,"href":"https:\/\/www.cientificos.pe\/index.php?rest_route=\/wp\/v2\/pages\/4025\/revisions"}],"predecessor-version":[{"id":8326,"href":"https:\/\/www.cientificos.pe\/index.php?rest_route=\/wp\/v2\/pages\/4025\/revisions\/8326"}],"wp:attachment":[{"href":"https:\/\/www.cientificos.pe\/index.php?rest_route=%2Fwp%2Fv2%2Fmedia&parent=4025"}],"curies":[{"name":"wp","href":"https:\/\/api.w.org\/{rel}","templated":true}]}}