{"id":4121,"date":"2020-05-14T08:21:40","date_gmt":"2020-05-14T08:21:40","guid":{"rendered":"http:\/\/www.cientificos.pe\/?page_id=4121"},"modified":"2022-05-24T04:50:56","modified_gmt":"2022-05-24T04:50:56","slug":"mapah-geocientificos-pe","status":"publish","type":"page","link":"https:\/\/www.cientificos.pe\/?page_id=4121","title":{"rendered":"MapaH Network"},"content":{"rendered":"<p style=\"text-align: justify;\">Cientificos.pe se encuentra utilizando el servicio brindado por la plataforma <a href=\"https:\/\/www.mapahnetwork.net\/\" target=\"_blank\" rel=\"noopener noreferrer\"><strong>Mapah.net<\/strong><\/a> el cual permite ofrecer el geo-posicionamiento de investigadores. Con esta herramienta deseamos visibilizar a la comunidad de Cientificos.pe indicando por ejemplo el lugar en donde se encuentran actualmente, haciendo investigaci\u00f3n, estudiando o trabajando, as\u00ed como tambi\u00e9n las ramas y temas de investigaci\u00f3n. Esto es posible mediante filtros y ademas con los enlaces a p\u00e1ginas como ORCID, DINA y researchgate podremos conocer m\u00e1s de nuestros investigadores. UNETE llenando el siguiente formulario <a href=\"https:\/\/registro.mapah.net\/cientificospe\/step1\" target=\"_blank\" rel=\"noopener noreferrer\">Formulario<\/a><\/p>\n<p style=\"text-align: center;\">Descubre a la comunidad Cpe en el MapaH, link:<a href=\"https:\/\/comunidad.mapah.net\/cientificospe#\" target=\"_blank\" rel=\"noopener noreferrer\">\u00a0Cientificos.pe<\/a><\/p>\n<p><img loading=\"lazy\" class=\"alignnone size-full wp-image-7064\" src=\"https:\/\/www.cientificos.pe\/wp-content\/uploads\/2021\/06\/Mapah_EU.png\" alt=\"\" width=\"1737\" height=\"818\" srcset=\"https:\/\/www.cientificos.pe\/wp-content\/uploads\/2021\/06\/Mapah_EU.png 1737w, https:\/\/www.cientificos.pe\/wp-content\/uploads\/2021\/06\/Mapah_EU-300x141.png 300w, https:\/\/www.cientificos.pe\/wp-content\/uploads\/2021\/06\/Mapah_EU-1024x482.png 1024w, https:\/\/www.cientificos.pe\/wp-content\/uploads\/2021\/06\/Mapah_EU-768x362.png 768w, https:\/\/www.cientificos.pe\/wp-content\/uploads\/2021\/06\/Mapah_EU-1536x723.png 1536w, https:\/\/www.cientificos.pe\/wp-content\/uploads\/2021\/06\/Mapah_EU-696x328.png 696w, https:\/\/www.cientificos.pe\/wp-content\/uploads\/2021\/06\/Mapah_EU-1068x503.png 1068w, https:\/\/www.cientificos.pe\/wp-content\/uploads\/2021\/06\/Mapah_EU-892x420.png 892w\" sizes=\"(max-width: 1737px) 100vw, 1737px\" \/><img loading=\"lazy\" class=\"wp-image-4436 aligncenter\" src=\"http:\/\/www.cientificos.pe\/wp-content\/uploads\/2020\/07\/treslogos-300x53.png\" alt=\"\" width=\"413\" height=\"73\" srcset=\"https:\/\/www.cientificos.pe\/wp-content\/uploads\/2020\/07\/treslogos-300x53.png 300w, https:\/\/www.cientificos.pe\/wp-content\/uploads\/2020\/07\/treslogos.png 693w\" sizes=\"(max-width: 413px) 100vw, 413px\" \/><\/p>\n","protected":false},"excerpt":{"rendered":"<p>Cientificos.pe se encuentra utilizando el servicio brindado por la plataforma Mapah.net el cual permite ofrecer el geo-posicionamiento de investigadores. Con esta herramienta deseamos visibilizar a la comunidad de Cientificos.pe indicando por ejemplo el lugar en donde se encuentran actualmente, haciendo investigaci\u00f3n, estudiando o trabajando, as\u00ed como tambi\u00e9n las ramas y temas de investigaci\u00f3n. Esto es [&hellip;]<\/p>\n","protected":false},"author":2,"featured_media":0,"parent":0,"menu_order":0,"comment_status":"closed","ping_status":"closed","template":"","meta":[],"_links":{"self":[{"href":"https:\/\/www.cientificos.pe\/index.php?rest_route=\/wp\/v2\/pages\/4121"}],"collection":[{"href":"https:\/\/www.cientificos.pe\/index.php?rest_route=\/wp\/v2\/pages"}],"about":[{"href":"https:\/\/www.cientificos.pe\/index.php?rest_route=\/wp\/v2\/types\/page"}],"author":[{"embeddable":true,"href":"https:\/\/www.cientificos.pe\/index.php?rest_route=\/wp\/v2\/users\/2"}],"replies":[{"embeddable":true,"href":"https:\/\/www.cientificos.pe\/index.php?rest_route=%2Fwp%2Fv2%2Fcomments&post=4121"}],"version-history":[{"count":26,"href":"https:\/\/www.cientificos.pe\/index.php?rest_route=\/wp\/v2\/pages\/4121\/revisions"}],"predecessor-version":[{"id":7669,"href":"https:\/\/www.cientificos.pe\/index.php?rest_route=\/wp\/v2\/pages\/4121\/revisions\/7669"}],"wp:attachment":[{"href":"https:\/\/www.cientificos.pe\/index.php?rest_route=%2Fwp%2Fv2%2Fmedia&parent=4121"}],"curies":[{"name":"wp","href":"https:\/\/api.w.org\/{rel}","templated":true}]}}