{"id":4426,"date":"2020-07-12T06:49:43","date_gmt":"2020-07-12T06:49:43","guid":{"rendered":"http:\/\/www.cientificos.pe\/?page_id=4426"},"modified":"2020-07-12T06:50:01","modified_gmt":"2020-07-12T06:50:01","slug":"agenda-cientifica","status":"publish","type":"page","link":"https:\/\/www.cientificos.pe\/?page_id=4426","title":{"rendered":"Agenda Cient\u00edfica"},"content":{"rendered":"<p style=\"text-align: justify;\">La <strong>Agenda Cient\u00edfica<\/strong> es un repositorio de eventos cient\u00edficos de inter\u00e9s para la comunidad cient\u00edfica del Peru. Con este repositorio buscamos centralizar todas aquellas charlas, conferencias, etc que vienen llev\u00e1ndose por diferentes grupos e iniciativas.<\/p>\n<p>Para ver los eventos de en la Agenda Cient\u00edfica has click aqu\u00ed: <a href=\"https:\/\/www.mapah.net\/cientificos-pe\/agenda\" target=\"_blank\" rel=\"noopener noreferrer\">https:\/\/www.mapah.net\/cientificos-pe\/agenda<\/a><\/p>\n<p>Para incluir tus eventos a la agenda, has click aqu\u00ed: <a href=\"https:\/\/www.mapah.net\/cientificos-pe\/agenda\/enviar\" target=\"_blank\" rel=\"noopener noreferrer\">https:\/\/www.mapah.net\/cientificos-pe\/agenda\/enviar<\/a><\/p>\n<p>Este repositorio se nutre con el<strong> apoyo de todos nosotros<\/strong>. Subamos nuestras charlas para poder <strong>visibilizarlas<\/strong> mucho mejor.<\/p>\n<p>Cientificos.pe<\/p>\n","protected":false},"excerpt":{"rendered":"<p>La Agenda Cient\u00edfica es un repositorio de eventos cient\u00edficos de inter\u00e9s para la comunidad cient\u00edfica del Peru. Con este repositorio buscamos centralizar todas aquellas charlas, conferencias, etc que vienen llev\u00e1ndose por diferentes grupos e iniciativas. Para ver los eventos de en la Agenda Cient\u00edfica has click aqu\u00ed: https:\/\/www.mapah.net\/cientificos-pe\/agenda Para incluir tus eventos a la agenda, [&hellip;]<\/p>\n","protected":false},"author":2,"featured_media":0,"parent":0,"menu_order":0,"comment_status":"closed","ping_status":"closed","template":"","meta":[],"_links":{"self":[{"href":"https:\/\/www.cientificos.pe\/index.php?rest_route=\/wp\/v2\/pages\/4426"}],"collection":[{"href":"https:\/\/www.cientificos.pe\/index.php?rest_route=\/wp\/v2\/pages"}],"about":[{"href":"https:\/\/www.cientificos.pe\/index.php?rest_route=\/wp\/v2\/types\/page"}],"author":[{"embeddable":true,"href":"https:\/\/www.cientificos.pe\/index.php?rest_route=\/wp\/v2\/users\/2"}],"replies":[{"embeddable":true,"href":"https:\/\/www.cientificos.pe\/index.php?rest_route=%2Fwp%2Fv2%2Fcomments&post=4426"}],"version-history":[{"count":2,"href":"https:\/\/www.cientificos.pe\/index.php?rest_route=\/wp\/v2\/pages\/4426\/revisions"}],"predecessor-version":[{"id":4428,"href":"https:\/\/www.cientificos.pe\/index.php?rest_route=\/wp\/v2\/pages\/4426\/revisions\/4428"}],"wp:attachment":[{"href":"https:\/\/www.cientificos.pe\/index.php?rest_route=%2Fwp%2Fv2%2Fmedia&parent=4426"}],"curies":[{"name":"wp","href":"https:\/\/api.w.org\/{rel}","templated":true}]}}