{"id":6193,"date":"2021-01-20T23:55:34","date_gmt":"2021-01-20T23:55:34","guid":{"rendered":"https:\/\/www.cientificos.pe\/?page_id=6193"},"modified":"2022-11-02T07:37:06","modified_gmt":"2022-11-02T07:37:06","slug":"paper-peruano_draft-para-revision-de-nahuel","status":"publish","type":"page","link":"https:\/\/www.cientificos.pe\/?page_id=6193","title":{"rendered":"Paper Peruano"},"content":{"rendered":"<p>[vc_row][vc_column][vc_column_text]<\/p>\n<p style=\"text-align: justify;\"><span style=\"font-size: 14pt;\">Puedes hacer click en las im\u00e1genes m\u00e1s abajo para conocer un poco m\u00e1s del trabajo de algunxs cient\u00edficxs peruanxs. Si has publicado recientemente y deseas que tu trabajo sea resaltado, puedes entrar al siguiente link: <a href=\"https:\/\/forms.gle\/jtH2Eqkq8HoVa4rn9\" target=\"_blank\" rel=\"noopener noreferrer\">https:\/\/forms.gle\/jtH2Eqkq8HoVa4rn9<\/a><\/span><\/p>\n<p>[\/vc_column_text][vc_tta_tabs style=&#8221;modern&#8221; color=&#8221;sky&#8221; active_section=&#8221;1&#8243;][vc_tta_section title=&#8221;2020&#8243; tab_id=&#8221;1630746952063-92269674-4c0d&#8221;][vc_gallery type=&#8221;image_grid&#8221; images=&#8221;6228,6217,6216,6224,6229,6226,6218,6208,6214,6221,6215,6212,6227,6223,6213,6222,6225,6219&#8243; img_size=&#8221;medium&#8221; onclick=&#8221;custom_link&#8221; custom_links_target=&#8221;_blank&#8221; custom_links=&#8221;#E-8_aHR0cHMlM0ElMkYlMkZ0d2l0dGVyLmNvbSUyRmNpZW50aWZpY29zcGUlMkZzdGF0dXMlMkYxMjg4NTQ3MTMxMjk3NjE1ODczJTNGcyUzRDIwJTJDaHR0cHMlM0ElMkYlMkZ0d2l0dGVyLmNvbSUyRmNpZW50aWZpY29zcGUlMkZzdGF0dXMlMkYxMjkxMDE4NzE2OTE0ODY4MjI1JTJDaHR0cHMlM0ElMkYlMkZ0d2l0dGVyLmNvbSUyRmNpZW50aWZpY29zcGUlMkZzdGF0dXMlMkYxMjkzNjMwODAyODE5OTgxMzE0JTIwJTJDaHR0cHMlM0ElMkYlMkZ0d2l0dGVyLmNvbSUyRmNpZW50aWZpY29zcGUlMkZzdGF0dXMlMkYxMjk2MTk2OTA5NDc3MTA1Njc2JTNGcyUzRDIwJTJDaHR0cHMlM0ElMkYlMkZ0d2l0dGVyLmNvbSUyRmNpZW50aWZpY29zcGUlMkZzdGF0dXMlMkYxMjk4NzQ4MzEwNTE4NDY4NjA5JTJDaHR0cHMlM0ElMkYlMkZ0d2l0dGVyLmNvbSUyRmNpZW50aWZpY29zcGUlMkZzdGF0dXMlMkYxMzAxMjU4NDc3NzgwODE5OTcxJTNGcyUzRDIwJTJDaHR0cHMlM0ElMkYlMkZ0d2l0dGVyLmNvbSUyRmNpZW50aWZpY29zcGUlMkZzdGF0dXMlMkYxMzAzODA2NjI2MDY4MDM3NjMyJTNGcyUzRDIwJTJDaHR0cHMlM0ElMkYlMkZ0d2l0dGVyLmNvbSUyRmNpZW50aWZpY29zcGUlMkZzdGF0dXMlMkYxMzA2MjMwMDQ1MTUzOTE4OTc2JTNGcyUzRDIwJTJDaHR0cHMlM0ElMkYlMkZ0d2l0dGVyLmNvbSUyRmNpZW50aWZpY29zcGUlMkZzdGF0dXMlMkYxMzA4ODc2MzY3NDU5NzM3NjAxJTNGcyUzRDIwJTJDaHR0cHMlM0ElMkYlMkZ0d2l0dGVyLmNvbSUyRmNpZW50aWZpY29zcGUlMkZzdGF0dXMlMkYxMzExMzc5NjA1ODI0MTgwMjI2JTNGcyUzRDIwJTJDaHR0cHMlM0ElMkYlMkZ0d2l0dGVyLmNvbSUyRmNpZW50aWZpY29zcGUlMkZzdGF0dXMlMkYxMzEzOTAyODU3MDI0OTMzODg5JTNGcyUzRDIwJTJDaHR0cHMlM0ElMkYlMkZ0d2l0dGVyLmNvbSUyRmNpZW50aWZpY29zcGUlMkZzdGF0dXMlMkYxMzE2MzY1ODY5ODE2MDg2NTI4JTNGcyUzRDIwJTJDaHR0cHMlM0ElMkYlMkZ0d2l0dGVyLmNvbSUyRmNpZW50aWZpY29zcGUlMkZzdGF0dXMlMkYxMzE4OTM5NTg3MzA2MjkxMjAwJTJDaHR0cHMlM0ElMkYlMkZ0d2l0dGVyLmNvbSUyRmNpZW50aWZpY29zcGUlMkZzdGF0dXMlMkYxMzIxNTI1NjExMjYxNzM0OTE0JTNGcyUzRDIwJTJDaHR0cHMlM0ElMkYlMkZ0d2l0dGVyLmNvbSUyRmNpZW50aWZpY29zcGUlMkZzdGF0dXMlMkYxMzI0MTE5NzU5MjMxODk3NjAyJTNGcyUzRDIwJTJDaHR0cHMlM0ElMkYlMkZ0d2l0dGVyLmNvbSUyRmNpZW50aWZpY29zcGUlMkZzdGF0dXMlMkYxMzM0MTI3OTU4MDA5NzIwODM0JTNGcyUzRDIwJTJDaHR0cHMlM0ElMkYlMkZ0d2l0dGVyLmNvbSUyRmNpZW50aWZpY29zcGUlMkZzdGF0dXMlMkYxMzM2ODEzMzIyMzUyNjc2ODY1JTIwJTJDaHR0cHMlM0ElMkYlMkZ0d2l0dGVyLmNvbSUyRmNpZW50aWZpY29zcGUlMkZzdGF0dXMlMkYxMzM5MjM3Nzk4NDcwMTYwMzg1&#8243;][vc_column_text][\/vc_column_text][\/vc_tta_section][vc_tta_section title=&#8221;2021&#8243; tab_id=&#8221;1630746952091-adb29b19-3157&#8243;][vc_gallery type=&#8221;image_grid&#8221; images=&#8221;6211,6209,6210,6220,6360,6531,6533,6990,6989,6991,6994,6993,7026,7025,7254,7288,7289,7290,7291,7293,7295,7309,7311,7684,7683&#8243; img_size=&#8221;medium&#8221; onclick=&#8221;custom_link&#8221; custom_links_target=&#8221;_blank&#8221; custom_links=&#8221;#E-8_aHR0cHMlM0ElMkYlMkZ0d2l0dGVyLmNvbSUyRmNpZW50aWZpY29zcGUlMkZzdGF0dXMlMkYxMzQ5NDU5NjEwMjE5MDEyMTAxJTJDaHR0cHMlM0ElMkYlMkZ0d2l0dGVyLmNvbSUyRmNpZW50aWZpY29zcGUlMkZzdGF0dXMlMkYxMzUxODcwOTg0OTc5MTQ4ODAxJTJDaHR0cHMlM0ElMkYlMkZ0d2l0dGVyLmNvbSUyRmNpZW50aWZpY29zcGUlMkZzdGF0dXMlMkYxMzU0NTQzMDI3NTkxODAyODgxJTJDaHR0cHMlM0ElMkYlMkZ0d2l0dGVyLmNvbSUyRmNpZW50aWZpY29zcGUlMkZzdGF0dXMlMkYxMzU3MDAwNzkxOTQ5NzkxMjMyJTJDaHR0cHMlM0ElMkYlMkZ0d2l0dGVyLmNvbSUyRmNpZW50aWZpY29zcGUlMkZzdGF0dXMlMkYxMzU5NjI4NjI3NzI2NTEyMTM1JTJDaHR0cHMlM0ElMkYlMkZ0d2l0dGVyLmNvbSUyRmNpZW50aWZpY29zcGUlMkZzdGF0dXMlMkYxMzY0NTkxODc4NDgyNjQ0OTk0JTJDaHR0cHMlM0ElMkYlMkZ0d2l0dGVyLmNvbSUyRmNpZW50aWZpY29zcGUlMkZzdGF0dXMlMkYxMzY3MTk1MTMxNjk5NDcwMzQzJTJDaHR0cHMlM0ElMkYlMkZ0d2l0dGVyLmNvbSUyRmNpZW50aWZpY29zcGUlMkZzdGF0dXMlMkYxMzY5NzY1NTA2NzY5NjMzMjgwJTJDaHR0cHMlM0ElMkYlMkZ0d2l0dGVyLmNvbSUyRmNpZW50aWZpY29zcGUlMkZzdGF0dXMlMkYxMzcyMzEyNTQzODg1MTk3MzE2JTJDaHR0cHMlM0ElMkYlMkZ0d2l0dGVyLmNvbSUyRmNpZW50aWZpY29zcGUlMkZzdGF0dXMlMkYxMzc0ODUwMzY3OTQ3NzM1MDQ5JTJDaHR0cHMlM0ElMkYlMkZ0d2l0dGVyLmNvbSUyRmNpZW50aWZpY29zcGUlMkZzdGF0dXMlMkYxMzg0OTUzODU4NjE5ODA5Nzk3JTJDaHR0cHMlM0ElMkYlMkZ0d2l0dGVyLmNvbSUyRmNpZW50aWZpY29zcGUlMkZzdGF0dXMlMkYxMzg3NTEyNjI1MDcyOTEwMzM5JTJDaHR0cHMlM0ElMkYlMkZ0d2l0dGVyLmNvbSUyRmNpZW50aWZpY29zcGUlMkZzdGF0dXMlMkYxMzkwMDM2Njc0MjkwMzYwMzI0JTJDaHR0cHMlM0ElMkYlMkZ0d2l0dGVyLmNvbSUyRmNpZW50aWZpY29zcGUlMkZzdGF0dXMlMkYxMzkyNTc3NDE4MTY3MjYzMjM1JTJDaHR0cHMlM0ElMkYlMkZ0d2l0dGVyLmNvbSUyRmNpZW50aWZpY29zcGUlMkZzdGF0dXMlMkYxNDAwMjEyNDM3MzgzNzQ5NjM0JTJDaHR0cHMlM0ElMkYlMkZ0d2l0dGVyLmNvbSUyRmNpZW50aWZpY29zcGUlMkZzdGF0dXMlMkYxNDI4MDg3NzUyMTY4NTA5NDQ0JTJDaHR0cHMlM0ElMkYlMkZ0d2l0dGVyLmNvbSUyRmNpZW50aWZpY29zcGUlMkZzdGF0dXMlMkYxNDMwNTMxMjEzNDI5ODA5MTUyJTJDaHR0cHMlM0ElMkYlMkZ0d2l0dGVyLmNvbSUyRmNpZW50aWZpY29zcGUlMkZzdGF0dXMlMkYxNDMzNTM3MzU2NjgyODUwMzE5JTJDaHR0cHMlM0ElMkYlMkZ0d2l0dGVyLmNvbSUyRmNpZW50aWZpY29zcGUlMkZzdGF0dXMlMkYxNDM1Njg4MjM3OTE0MzY1OTUyJTJDaHR0cHMlM0ElMkYlMkZ0d2l0dGVyLmNvbSUyRmNpZW50aWZpY29zcGUlMkZzdGF0dXMlMkYxNDM4MjUxNzk2NDYwMzU5NjgwJTJDaHR0cHMlM0ElMkYlMkZ0d2l0dGVyLmNvbSUyRmNpZW50aWZpY29zcGUlMkZzdGF0dXMlMkYxNDQwNzEwMTY1OTA5NTUzMTU5JTJDaHR0cHMlM0ElMkYlMkZ0d2l0dGVyLmNvbSUyRmNpZW50aWZpY29zcGUlMkZzdGF0dXMlMkYxNDQ1NjQ0ODI0Mjg0MDAwMjYzJTJDaHR0cHMlM0ElMkYlMkZ0d2l0dGVyLmNvbSUyRmNpZW50aWZpY29zcGUlMkZzdGF0dXMlMkYxNDQ4MzMwODI5ODE4NjQ2NTI4JTJDaHR0cHMlM0ElMkYlMkZ0d2l0dGVyLmNvbSUyRmNpZW50aWZpY29zcGUlMkZzdGF0dXMlMkYxNDUwODk2MTk1MDA2NjUyNDIyJTJDaHR0cHMlM0ElMkYlMkZ0d2l0dGVyLmNvbSUyRmNpZW50aWZpY29zcGUlMkZzdGF0dXMlMkYxNDUzNDg1NjUwMjI1OTAxNTcw&#8221; css=&#8221;.vc_custom_1644503637055{border-radius: 1px !important;}&#8221;][\/vc_tta_section][\/vc_tta_tabs][\/vc_column][\/vc_row]<\/p>\n","protected":false},"excerpt":{"rendered":"<p>[vc_row][vc_column][vc_column_text] Puedes hacer click en las im\u00e1genes m\u00e1s abajo para conocer un poco m\u00e1s del trabajo de algunxs cient\u00edficxs peruanxs. Si has publicado recientemente y deseas que tu trabajo sea resaltado, puedes entrar al siguiente link: https:\/\/forms.gle\/jtH2Eqkq8HoVa4rn9 [\/vc_column_text][vc_tta_tabs style=&#8221;modern&#8221; color=&#8221;sky&#8221; active_section=&#8221;1&#8243;][vc_tta_section title=&#8221;2020&#8243; tab_id=&#8221;1630746952063-92269674-4c0d&#8221;][vc_gallery type=&#8221;image_grid&#8221; images=&#8221;6228,6217,6216,6224,6229,6226,6218,6208,6214,6221,6215,6212,6227,6223,6213,6222,6225,6219&#8243; img_size=&#8221;medium&#8221; onclick=&#8221;custom_link&#8221; custom_links_target=&#8221;_blank&#8221; custom_links=&#8221;#E-8_aHR0cHMlM0ElMkYlMkZ0d2l0dGVyLmNvbSUyRmNpZW50aWZpY29zcGUlMkZzdGF0dXMlMkYxMjg4NTQ3MTMxMjk3NjE1ODczJTNGcyUzRDIwJTJDaHR0cHMlM0ElMkYlMkZ0d2l0dGVyLmNvbSUyRmNpZW50aWZpY29zcGUlMkZzdGF0dXMlMkYxMjkxMDE4NzE2OTE0ODY4MjI1JTJDaHR0cHMlM0ElMkYlMkZ0d2l0dGVyLmNvbSUyRmNpZW50aWZpY29zcGUlMkZzdGF0dXMlMkYxMjkzNjMwODAyODE5OTgxMzE0JTIwJTJDaHR0cHMlM0ElMkYlMkZ0d2l0dGVyLmNvbSUyRmNpZW50aWZpY29zcGUlMkZzdGF0dXMlMkYxMjk2MTk2OTA5NDc3MTA1Njc2JTNGcyUzRDIwJTJDaHR0cHMlM0ElMkYlMkZ0d2l0dGVyLmNvbSUyRmNpZW50aWZpY29zcGUlMkZzdGF0dXMlMkYxMjk4NzQ4MzEwNTE4NDY4NjA5JTJDaHR0cHMlM0ElMkYlMkZ0d2l0dGVyLmNvbSUyRmNpZW50aWZpY29zcGUlMkZzdGF0dXMlMkYxMzAxMjU4NDc3NzgwODE5OTcxJTNGcyUzRDIwJTJDaHR0cHMlM0ElMkYlMkZ0d2l0dGVyLmNvbSUyRmNpZW50aWZpY29zcGUlMkZzdGF0dXMlMkYxMzAzODA2NjI2MDY4MDM3NjMyJTNGcyUzRDIwJTJDaHR0cHMlM0ElMkYlMkZ0d2l0dGVyLmNvbSUyRmNpZW50aWZpY29zcGUlMkZzdGF0dXMlMkYxMzA2MjMwMDQ1MTUzOTE4OTc2JTNGcyUzRDIwJTJDaHR0cHMlM0ElMkYlMkZ0d2l0dGVyLmNvbSUyRmNpZW50aWZpY29zcGUlMkZzdGF0dXMlMkYxMzA4ODc2MzY3NDU5NzM3NjAxJTNGcyUzRDIwJTJDaHR0cHMlM0ElMkYlMkZ0d2l0dGVyLmNvbSUyRmNpZW50aWZpY29zcGUlMkZzdGF0dXMlMkYxMzExMzc5NjA1ODI0MTgwMjI2JTNGcyUzRDIwJTJDaHR0cHMlM0ElMkYlMkZ0d2l0dGVyLmNvbSUyRmNpZW50aWZpY29zcGUlMkZzdGF0dXMlMkYxMzEzOTAyODU3MDI0OTMzODg5JTNGcyUzRDIwJTJDaHR0cHMlM0ElMkYlMkZ0d2l0dGVyLmNvbSUyRmNpZW50aWZpY29zcGUlMkZzdGF0dXMlMkYxMzE2MzY1ODY5ODE2MDg2NTI4JTNGcyUzRDIwJTJDaHR0cHMlM0ElMkYlMkZ0d2l0dGVyLmNvbSUyRmNpZW50aWZpY29zcGUlMkZzdGF0dXMlMkYxMzE4OTM5NTg3MzA2MjkxMjAwJTJDaHR0cHMlM0ElMkYlMkZ0d2l0dGVyLmNvbSUyRmNpZW50aWZpY29zcGUlMkZzdGF0dXMlMkYxMzIxNTI1NjExMjYxNzM0OTE0JTNGcyUzRDIwJTJDaHR0cHMlM0ElMkYlMkZ0d2l0dGVyLmNvbSUyRmNpZW50aWZpY29zcGUlMkZzdGF0dXMlMkYxMzI0MTE5NzU5MjMxODk3NjAyJTNGcyUzRDIwJTJDaHR0cHMlM0ElMkYlMkZ0d2l0dGVyLmNvbSUyRmNpZW50aWZpY29zcGUlMkZzdGF0dXMlMkYxMzM0MTI3OTU4MDA5NzIwODM0JTNGcyUzRDIwJTJDaHR0cHMlM0ElMkYlMkZ0d2l0dGVyLmNvbSUyRmNpZW50aWZpY29zcGUlMkZzdGF0dXMlMkYxMzM2ODEzMzIyMzUyNjc2ODY1JTIwJTJDaHR0cHMlM0ElMkYlMkZ0d2l0dGVyLmNvbSUyRmNpZW50aWZpY29zcGUlMkZzdGF0dXMlMkYxMzM5MjM3Nzk4NDcwMTYwMzg1&#8243;][vc_column_text][\/vc_column_text][\/vc_tta_section][vc_tta_section title=&#8221;2021&#8243; tab_id=&#8221;1630746952091-adb29b19-3157&#8243;][vc_gallery type=&#8221;image_grid&#8221; images=&#8221;6211,6209,6210,6220,6360,6531,6533,6990,6989,6991,6994,6993,7026,7025,7254,7288,7289,7290,7291,7293,7295,7309,7311,7684,7683&#8243; img_size=&#8221;medium&#8221; onclick=&#8221;custom_link&#8221; [&hellip;]<\/p>\n","protected":false},"author":2,"featured_media":0,"parent":0,"menu_order":0,"comment_status":"closed","ping_status":"closed","template":"","meta":[],"_links":{"self":[{"href":"https:\/\/www.cientificos.pe\/index.php?rest_route=\/wp\/v2\/pages\/6193"}],"collection":[{"href":"https:\/\/www.cientificos.pe\/index.php?rest_route=\/wp\/v2\/pages"}],"about":[{"href":"https:\/\/www.cientificos.pe\/index.php?rest_route=\/wp\/v2\/types\/page"}],"author":[{"embeddable":true,"href":"https:\/\/www.cientificos.pe\/index.php?rest_route=\/wp\/v2\/users\/2"}],"replies":[{"embeddable":true,"href":"https:\/\/www.cientificos.pe\/index.php?rest_route=%2Fwp%2Fv2%2Fcomments&post=6193"}],"version-history":[{"count":60,"href":"https:\/\/www.cientificos.pe\/index.php?rest_route=\/wp\/v2\/pages\/6193\/revisions"}],"predecessor-version":[{"id":7758,"href":"https:\/\/www.cientificos.pe\/index.php?rest_route=\/wp\/v2\/pages\/6193\/revisions\/7758"}],"wp:attachment":[{"href":"https:\/\/www.cientificos.pe\/index.php?rest_route=%2Fwp%2Fv2%2Fmedia&parent=6193"}],"curies":[{"name":"wp","href":"https:\/\/api.w.org\/{rel}","templated":true}]}}