{"id":7769,"date":"2022-06-19T18:31:54","date_gmt":"2022-06-19T18:31:54","guid":{"rendered":"https:\/\/www.cientificos.pe\/?page_id=7769"},"modified":"2022-06-20T06:52:13","modified_gmt":"2022-06-20T06:52:13","slug":"modelos-de-documentos","status":"publish","type":"page","link":"https:\/\/www.cientificos.pe\/?page_id=7769","title":{"rendered":"Modelos de documentos"},"content":{"rendered":"<figure id=\"attachment_7793\" aria-describedby=\"caption-attachment-7793\" style=\"width: 609px\" class=\"wp-caption aligncenter\"><img loading=\"lazy\" class=\"wp-image-7793\" src=\"https:\/\/www.cientificos.pe\/wp-content\/uploads\/2022\/06\/slidermotivacion.png\" alt=\"\" width=\"609\" height=\"324\" srcset=\"https:\/\/www.cientificos.pe\/wp-content\/uploads\/2022\/06\/slidermotivacion.png 790w, https:\/\/www.cientificos.pe\/wp-content\/uploads\/2022\/06\/slidermotivacion-300x159.png 300w, https:\/\/www.cientificos.pe\/wp-content\/uploads\/2022\/06\/slidermotivacion-768x408.png 768w, https:\/\/www.cientificos.pe\/wp-content\/uploads\/2022\/06\/slidermotivacion-696x370.png 696w\" sizes=\"(max-width: 609px) 100vw, 609px\" \/><figcaption id=\"caption-attachment-7793\" class=\"wp-caption-text\">https:\/\/medium.com\/@tamy.escalante\/la-importancia-de-la-mentor%C3%ADa-en-tu-desarrollo-empresarial-40811d8ac3f4<\/figcaption><\/figure>\n<p style=\"text-align: justify;\"><span style=\"text-align: justify;\">Cientificos.pe pone a vuestra disposici\u00f3n ejemplos de modelos de CVs y cartas de motivaci\u00f3n para diferentes escenarios, esperando que puedan ayudar a preparar mejor su postulaci\u00f3n. Esta p\u00e1gina estar\u00e1 en continua actualizaci\u00f3n gracias al apoyo de la comunidad. <\/span>Si deseas contribuir con esta p\u00e1gina con algunos modelos, puedes enviarlos al email contacto@cientificos.pe.<\/p>\n<h2 style=\"text-align: center;\">Curriculum Vitae<\/h2>\n<h4><strong>En Ingl\u00e9s<\/strong><\/h4>\n<p><a href=\"https:\/\/www.cientificos.pe\/wp-content\/uploads\/2022\/06\/Template-CV_EN_1.doc\" target=\"_blank\" rel=\"noopener noreferrer\">CV_EN_1<\/a>: Postulaci\u00f3n puesto de R&amp;D en empresa privada y\/o para postdoc. Modelo Europeo. Francia.<\/p>\n<h4><strong>En Espa\u00f1ol<\/strong><\/h4>\n<p><a href=\"https:\/\/www.cientificos.pe\/wp-content\/uploads\/2022\/06\/Template_cv_caicedo.docx\" target=\"_blank\" rel=\"noopener noreferrer\">CV_ES_1<\/a>: Postulaci\u00f3n MSc, doctorado. Modelo Peru.<\/p>\n<h2><\/h2>\n<h2 style=\"text-align: center;\">Cover Letter, Carta de motivaci\u00f3n<\/h2>\n<h4><strong>En Ingl\u00e9s<\/strong><\/h4>\n<p><a href=\"https:\/\/www.cientificos.pe\/wp-content\/uploads\/2022\/06\/Template_coverletter_Ingles_Empresa.docx\" target=\"_blank\" rel=\"noopener noreferrer\">CM_EN_1<\/a>: Postulaci\u00f3n puesto de R&amp;D en empresa privada y\/o para postdoc. Modelo Europeo. Francia.<\/p>\n","protected":false},"excerpt":{"rendered":"<p>Cientificos.pe pone a vuestra disposici\u00f3n ejemplos de modelos de CVs y cartas de motivaci\u00f3n para diferentes escenarios, esperando que puedan ayudar a preparar mejor su postulaci\u00f3n. Esta p\u00e1gina estar\u00e1 en continua actualizaci\u00f3n gracias al apoyo de la comunidad. Si deseas contribuir con esta p\u00e1gina con algunos modelos, puedes enviarlos al email contacto@cientificos.pe. Curriculum Vitae En [&hellip;]<\/p>\n","protected":false},"author":2,"featured_media":0,"parent":0,"menu_order":0,"comment_status":"closed","ping_status":"closed","template":"","meta":[],"_links":{"self":[{"href":"https:\/\/www.cientificos.pe\/index.php?rest_route=\/wp\/v2\/pages\/7769"}],"collection":[{"href":"https:\/\/www.cientificos.pe\/index.php?rest_route=\/wp\/v2\/pages"}],"about":[{"href":"https:\/\/www.cientificos.pe\/index.php?rest_route=\/wp\/v2\/types\/page"}],"author":[{"embeddable":true,"href":"https:\/\/www.cientificos.pe\/index.php?rest_route=\/wp\/v2\/users\/2"}],"replies":[{"embeddable":true,"href":"https:\/\/www.cientificos.pe\/index.php?rest_route=%2Fwp%2Fv2%2Fcomments&post=7769"}],"version-history":[{"count":17,"href":"https:\/\/www.cientificos.pe\/index.php?rest_route=\/wp\/v2\/pages\/7769\/revisions"}],"predecessor-version":[{"id":7799,"href":"https:\/\/www.cientificos.pe\/index.php?rest_route=\/wp\/v2\/pages\/7769\/revisions\/7799"}],"wp:attachment":[{"href":"https:\/\/www.cientificos.pe\/index.php?rest_route=%2Fwp%2Fv2%2Fmedia&parent=7769"}],"curies":[{"name":"wp","href":"https:\/\/api.w.org\/{rel}","templated":true}]}}