{"id":7991,"date":"2022-10-06T09:50:44","date_gmt":"2022-10-06T09:50:44","guid":{"rendered":"https:\/\/www.cientificos.pe\/?page_id=7991"},"modified":"2022-10-06T09:51:43","modified_gmt":"2022-10-06T09:51:43","slug":"videos-comparte-ciencias-en-la-escuela-2021","status":"publish","type":"page","link":"https:\/\/www.cientificos.pe\/?page_id=7991","title":{"rendered":"Videos Comparte Ciencias en la Escuela 2021"},"content":{"rendered":"\t\t\t<div \n\t\t\tclass=\"yotu-playlist yotuwp yotu-limit-min yotu-limit-max   yotu-thumb-169  yotu-template-grid\" \n\t\t\tdata-page=\"1\"\n\t\t\tid=\"yotuwp-69f6f6d34e857\"\n\t\t\tdata-yotu=\"69f6f6d3a9904\"\n\t\t\tdata-total=\"1\"\n\t\t\tdata-settings=\"eyJ0eXBlIjoicGxheWxpc3QiLCJpZCI6IlBMQl90bk4wLVE1c1lVX0VSMTVwVGxHSFo0ZjlaRC1DVVciLCJwYWdpbmF0aW9uIjoib24iLCJwYWdpdHlwZSI6InBhZ2VyIiwiY29sdW1uIjoiMiIsInBlcl9wYWdlIjoiMjAiLCJ0ZW1wbGF0ZSI6ImdyaWQiLCJ0aXRsZSI6Im9uIiwiZGVzY3JpcHRpb24iOiJvbiIsInRodW1icmF0aW8iOiIxNjkiLCJtZXRhIjoib2ZmIiwibWV0YV9kYXRhIjoib2ZmIiwibWV0YV9wb3NpdGlvbiI6Im9mZiIsImRhdGVfZm9ybWF0Ijoib2ZmIiwibWV0YV9hbGlnbiI6Im9mZiIsInN1YnNjcmliZSI6Im9mZiIsImR1cmF0aW9uIjoib2ZmIiwibWV0YV9pY29uIjoib2ZmIiwibmV4dHRleHQiOiIiLCJwcmV2dGV4dCI6IiIsImxvYWRtb3JldGV4dCI6IiIsInBsYXllciI6eyJtb2RlIjoibGFyZ2UiLCJ3aWR0aCI6IjYwMCIsInNjcm9sbGluZyI6IjEwMCIsImF1dG9wbGF5IjowLCJjb250cm9scyI6MSwibW9kZXN0YnJhbmRpbmciOjEsImxvb3AiOjAsImF1dG9uZXh0IjowLCJzaG93aW5mbyI6MSwicmVsIjoxLCJwbGF5aW5nIjoxLCJwbGF5aW5nX2Rlc2NyaXB0aW9uIjoxLCJ0aHVtYm5haWxzIjowLCJjY19sb2FkX3BvbGljeSI6IjEiLCJjY19sYW5nX3ByZWYiOiIxIiwiaGwiOiIiLCJpdl9sb2FkX3BvbGljeSI6IjEifSwibGFzdF90YWIiOiJwcmVtaXVtIiwidXNlX2FzX21vZGFsIjoib2ZmIiwibW9kYWxfaWQiOiJvZmYiLCJsYXN0X3VwZGF0ZSI6IjE2NjUwNTExMzgiLCJzdHlsaW5nIjp7InBhZ2VyX2xheW91dCI6ImRlZmF1bHQiLCJidXR0b24iOiIxIiwiYnV0dG9uX2NvbG9yIjoiIzNmM2YzZiIsImJ1dHRvbl9iZ19jb2xvciI6IiNlNWU1ZTUiLCJidXR0b25fY29sb3JfaG92ZXIiOiIiLCJidXR0b25fYmdfY29sb3JfaG92ZXIiOiIjYjViNWI1IiwidmlkZW9fc3R5bGUiOiJhYm5iIiwicGxheWljb25fY29sb3IiOiIiLCJob3Zlcl9pY29uIjoiIiwiZ2FsbGVyeV9iZyI6IiJ9LCJlZmZlY3RzIjp7InZpZGVvX2JveCI6IiIsImZsaXBfZWZmZWN0IjoiIn0sImdhbGxlcnlfaWQiOiI2OWY2ZjZkMzRlODU3IiwibmV4dCI6IiIsInByZXYiOiIifQ==\"\n\t\t\tdata-player=\"large\"\n\t\t\tdata-showdesc=\"on\" >\n\t\t\t\t<div>\n\t\t\t\t\t\t\t\t\t\t<div class=\"yotu-wrapper-player\" style=\"width:600px\">\n\t\t\t\t\t\t\t\t\t\t\t\t\t<div class=\"yotu-playing\">\n\t\t\t\t\t\t\t\tEspiando a lo medicamentos, MSc. Gabriela Mor\u00f3n\t\t\t\t\t\t\t<\/div>\n\t\t\t\t\t\t\t\t\t\t\t\t<div class=\"yotu-player\">\n\t\t\t\t\t\t\t<div class=\"yotu-video-placeholder\" id=\"yotu-player-69f6f6d3a9904\"><\/div>\n\t\t\t\t\t\t<\/div>\n\t\t\t\t\t\t<div class=\"yotu-playing-status\"><\/div>\n\t\t\t\t\t\t\t\t\t\t\t\t<div class=\"yotu-playing-description\">\n\t\t\t\t\t\t\t\"Comparte Ciencias en la escuela\" UGEL Huancayo y Cient\u00edficos.pe tienen el agrado de invitarlos a la charla \"Espiando a los medicamentosos\" brindada por la MSc. Gabriela Mor\u00f3n. S\u00edguenos en vivo en esta, nuestra p\u00e1gina de Facebook\t\t\t\t\t\t<\/div>\n\t\t\t\t\t\t\t\t\t\t\t<\/div>\n\n\t\t\t\t\t<div class=\"yotu-pagination yotu-hide yotu-pager_layout-default yotu-pagination-top\">\n<a href=\"#\" class=\"yotu-pagination-prev yotu-button-prs yotu-button-prs-1\" data-page=\"prev\">Prev<\/a>\n<span class=\"yotu-pagination-current\">1<\/span> <span>of<\/span> <span class=\"yotu-pagination-total\">1<\/span>\n<a href=\"#\" class=\"yotu-pagination-next yotu-button-prs yotu-button-prs-1\" data-page=\"next\">Next<\/a>\n<\/div>\n<div class=\"yotu-videos yotu-mode-grid yotu-preset yotu-preset-abnb yotu-column-2 yotu-player-mode-large\">\n\t<ul>\n\t\t\t\t\t<li class=\" yotu-first\">\n\t\t\t\t\t\t\t\t<a href=\"#yek3jLPZ-b8\" class=\"yotu-video\" data-videoid=\"yek3jLPZ-b8\" data-title=\"Espiando a lo medicamentos, MSc. Gabriela Mor\u00f3n\" title=\"Espiando a lo medicamentos, MSc. Gabriela Mor\u00f3n\">\n\t\t\t\t\t<div class=\"yotu-video-thumb-wrp\">\n\t\t\t\t\t\t<div>\n\t\t\t\t\t\t\t\t\t\t\t\t\t\t<img class=\"yotu-video-thumb\" src=\"https:\/\/i.ytimg.com\/vi\/yek3jLPZ-b8\/sddefault.jpg\" alt=\"Espiando a lo medicamentos, MSc. Gabriela Mor\u00f3n\">\t\n\t\t\t\t\t\t\t\t\t\t\t\t\t<\/div>\n\t\t\t\t\t<\/div>\n\t\t\t\t\t\t\t\t\t\t\t<h3 class=\"yotu-video-title\">Espiando a lo medicamentos, MSc. Gabriela Mor\u00f3n<\/h3>\n\t\t\t\t\t\t\t\t\t\t\t\t\t\t\t\t\t\t\t\t\t<div class=\"yotu-video-description\"><\/div>\n\t\t\t\t\t\t\t\t\t<\/a>\n\t\t\t\t\t\t\t<\/li>\n\t\t\t\t\n\t\t\t\t\t\t<li class=\"\">\n\t\t\t\t\t\t\t\t<a href=\"#DBye3OK97Xs\" class=\"yotu-video\" data-videoid=\"DBye3OK97Xs\" data-title=\"La Ciencia en la Cocina, PhD. Myra Flores\" title=\"La Ciencia en la Cocina, PhD. Myra Flores\">\n\t\t\t\t\t<div class=\"yotu-video-thumb-wrp\">\n\t\t\t\t\t\t<div>\n\t\t\t\t\t\t\t\t\t\t\t\t\t\t<img class=\"yotu-video-thumb\" src=\"https:\/\/i.ytimg.com\/vi\/DBye3OK97Xs\/sddefault.jpg\" alt=\"La Ciencia en la Cocina, PhD. Myra Flores\">\t\n\t\t\t\t\t\t\t\t\t\t\t\t\t<\/div>\n\t\t\t\t\t<\/div>\n\t\t\t\t\t\t\t\t\t\t\t<h3 class=\"yotu-video-title\">La Ciencia en la Cocina, PhD. Myra Flores<\/h3>\n\t\t\t\t\t\t\t\t\t\t\t\t\t\t\t\t\t\t\t\t\t<div class=\"yotu-video-description\"><\/div>\n\t\t\t\t\t\t\t\t\t<\/a>\n\t\t\t\t\t\t\t<\/li>\n\t\t\t\t\n\t\t\t\t\t\t<li class=\"\">\n\t\t\t\t\t\t\t\t<a href=\"#Rz2kmkzslJs\" class=\"yotu-video\" data-videoid=\"Rz2kmkzslJs\" data-title=\"El reto de la Virtualidad en el Peru. Profesoras Conversando!\" title=\"El reto de la Virtualidad en el Peru. Profesoras Conversando!\">\n\t\t\t\t\t<div class=\"yotu-video-thumb-wrp\">\n\t\t\t\t\t\t<div>\n\t\t\t\t\t\t\t\t\t\t\t\t\t\t<img class=\"yotu-video-thumb\" src=\"https:\/\/i.ytimg.com\/vi\/Rz2kmkzslJs\/sddefault.jpg\" alt=\"El reto de la Virtualidad en el Peru. Profesoras Conversando!\">\t\n\t\t\t\t\t\t\t\t\t\t\t\t\t<\/div>\n\t\t\t\t\t<\/div>\n\t\t\t\t\t\t\t\t\t\t\t<h3 class=\"yotu-video-title\">El reto de la Virtualidad en el Peru. Profesoras Conversando!<\/h3>\n\t\t\t\t\t\t\t\t\t\t\t\t\t\t\t\t\t\t\t\t\t<div class=\"yotu-video-description\"><\/div>\n\t\t\t\t\t\t\t\t\t<\/a>\n\t\t\t\t\t\t\t<\/li>\n\t\t\t\t\n\t\t\t\t\t\t<li class=\"\">\n\t\t\t\t\t\t\t\t<a href=\"#ZM6f8bbOZbQ\" class=\"yotu-video\" data-videoid=\"ZM6f8bbOZbQ\" data-title=\"MSc Gary Salazar, \u00bfQu\u00e9 pasa en el cuerpo al tomar un medicamento?\" title=\"MSc Gary Salazar, \u00bfQu\u00e9 pasa en el cuerpo al tomar un medicamento?\">\n\t\t\t\t\t<div class=\"yotu-video-thumb-wrp\">\n\t\t\t\t\t\t<div>\n\t\t\t\t\t\t\t\t\t\t\t\t\t\t<img class=\"yotu-video-thumb\" src=\"https:\/\/i.ytimg.com\/vi\/ZM6f8bbOZbQ\/sddefault.jpg\" alt=\"MSc Gary Salazar, \u00bfQu\u00e9 pasa en el cuerpo al tomar un medicamento?\">\t\n\t\t\t\t\t\t\t\t\t\t\t\t\t<\/div>\n\t\t\t\t\t<\/div>\n\t\t\t\t\t\t\t\t\t\t\t<h3 class=\"yotu-video-title\">MSc Gary Salazar, \u00bfQu\u00e9 pasa en el cuerpo al tomar un medicamento?<\/h3>\n\t\t\t\t\t\t\t\t\t\t\t\t\t\t\t\t\t\t\t\t\t<div class=\"yotu-video-description\"><\/div>\n\t\t\t\t\t\t\t\t\t<\/a>\n\t\t\t\t\t\t\t<\/li>\n\t\t\t\t\n\t\t\t\t\t\t<li class=\"\">\n\t\t\t\t\t\t\t\t<a href=\"#yXV9w281T1Y\" class=\"yotu-video\" data-videoid=\"yXV9w281T1Y\" data-title=\"\\&quot;El ADN del Per\u00fa: descifrando la gen\u00e9tica de los organismos\\&quot; , Pedro Romero.PhD\" title=\"&quot;El ADN del Per\u00fa: descifrando la gen\u00e9tica de los organismos&quot; , Pedro Romero.PhD\">\n\t\t\t\t\t<div class=\"yotu-video-thumb-wrp\">\n\t\t\t\t\t\t<div>\n\t\t\t\t\t\t\t\t\t\t\t\t\t\t<img class=\"yotu-video-thumb\" src=\"https:\/\/i.ytimg.com\/vi\/yXV9w281T1Y\/sddefault.jpg\" alt=\"&quot;El ADN del Per\u00fa: descifrando la gen\u00e9tica de los organismos&quot; , Pedro Romero.PhD\">\t\n\t\t\t\t\t\t\t\t\t\t\t\t\t<\/div>\n\t\t\t\t\t<\/div>\n\t\t\t\t\t\t\t\t\t\t\t<h3 class=\"yotu-video-title\">\"El ADN del Per\u00fa: descifrando la gen\u00e9tica de los organismos\" , Pedro Romero.PhD<\/h3>\n\t\t\t\t\t\t\t\t\t\t\t\t\t\t\t\t\t\t\t\t\t<div class=\"yotu-video-description\"><\/div>\n\t\t\t\t\t\t\t\t\t<\/a>\n\t\t\t\t\t\t\t<\/li>\n\t\t\t\t\n\t\t\t\t\t\t<li class=\"\">\n\t\t\t\t\t\t\t\t<a href=\"#vLG7QOtIZ18\" class=\"yotu-video\" data-videoid=\"vLG7QOtIZ18\" data-title=\"Roles del sistema inmunitario, Clarisabel Garc\u00eda, MSc y candidata a PhD en Gen\u00e9tica\" title=\"Roles del sistema inmunitario, Clarisabel Garc\u00eda, MSc y candidata a PhD en Gen\u00e9tica\">\n\t\t\t\t\t<div class=\"yotu-video-thumb-wrp\">\n\t\t\t\t\t\t<div>\n\t\t\t\t\t\t\t\t\t\t\t\t\t\t<img class=\"yotu-video-thumb\" src=\"https:\/\/i.ytimg.com\/vi\/vLG7QOtIZ18\/hqdefault.jpg\" alt=\"Roles del sistema inmunitario, Clarisabel Garc\u00eda, MSc y candidata a PhD en Gen\u00e9tica\">\t\n\t\t\t\t\t\t\t\t\t\t\t\t\t<\/div>\n\t\t\t\t\t<\/div>\n\t\t\t\t\t\t\t\t\t\t\t<h3 class=\"yotu-video-title\">Roles del sistema inmunitario, Clarisabel Garc\u00eda, MSc y candidata a PhD en Gen\u00e9tica<\/h3>\n\t\t\t\t\t\t\t\t\t\t\t\t\t\t\t\t\t\t\t\t\t<div class=\"yotu-video-description\"><\/div>\n\t\t\t\t\t\t\t\t\t<\/a>\n\t\t\t\t\t\t\t<\/li>\n\t\t\t\t\n\t\t\t\t\t\t<li class=\"\">\n\t\t\t\t\t\t\t\t<a href=\"#NvckLX8y1dY\" class=\"yotu-video\" data-videoid=\"NvckLX8y1dY\" data-title=\"Manipulaci\u00f3n y Visualizaci\u00f3n del ADN y de las prote\u00ednas: Una mol\u00e9cula a la vez PhD. Piere Rodriguez\" title=\"Manipulaci\u00f3n y Visualizaci\u00f3n del ADN y de las prote\u00ednas: Una mol\u00e9cula a la vez PhD. Piere Rodriguez\">\n\t\t\t\t\t<div class=\"yotu-video-thumb-wrp\">\n\t\t\t\t\t\t<div>\n\t\t\t\t\t\t\t\t\t\t\t\t\t\t<img class=\"yotu-video-thumb\" src=\"https:\/\/i.ytimg.com\/vi\/NvckLX8y1dY\/sddefault.jpg\" alt=\"Manipulaci\u00f3n y Visualizaci\u00f3n del ADN y de las prote\u00ednas: Una mol\u00e9cula a la vez PhD. Piere Rodriguez\">\t\n\t\t\t\t\t\t\t\t\t\t\t\t\t<\/div>\n\t\t\t\t\t<\/div>\n\t\t\t\t\t\t\t\t\t\t\t<h3 class=\"yotu-video-title\">Manipulaci\u00f3n y Visualizaci\u00f3n del ADN y de las prote\u00ednas: Una mol\u00e9cula a la vez PhD. Piere Rodriguez<\/h3>\n\t\t\t\t\t\t\t\t\t\t\t\t\t\t\t\t\t\t\t\t\t<div class=\"yotu-video-description\"><\/div>\n\t\t\t\t\t\t\t\t\t<\/a>\n\t\t\t\t\t\t\t<\/li>\n\t\t\t\t\n\t\t\t\t\t\t<li class=\"\">\n\t\t\t\t\t\t\t\t<a href=\"#XEFkT4ZoK7E\" class=\"yotu-video\" data-videoid=\"XEFkT4ZoK7E\" data-title=\"\\&quot;Introducci\u00f3n a los Microorganismos\\&quot;, Liz Cumpa-Vel\u00e1zquez, PhD,\" title=\"&quot;Introducci\u00f3n a los Microorganismos&quot;, Liz Cumpa-Vel\u00e1zquez, PhD,\">\n\t\t\t\t\t<div class=\"yotu-video-thumb-wrp\">\n\t\t\t\t\t\t<div>\n\t\t\t\t\t\t\t\t\t\t\t\t\t\t<img class=\"yotu-video-thumb\" src=\"https:\/\/i.ytimg.com\/vi\/XEFkT4ZoK7E\/sddefault.jpg\" alt=\"&quot;Introducci\u00f3n a los Microorganismos&quot;, Liz Cumpa-Vel\u00e1zquez, PhD,\">\t\n\t\t\t\t\t\t\t\t\t\t\t\t\t<\/div>\n\t\t\t\t\t<\/div>\n\t\t\t\t\t\t\t\t\t\t\t<h3 class=\"yotu-video-title\">\"Introducci\u00f3n a los Microorganismos\", Liz Cumpa-Vel\u00e1zquez, PhD,<\/h3>\n\t\t\t\t\t\t\t\t\t\t\t\t\t\t\t\t\t\t\t\t\t<div class=\"yotu-video-description\"><\/div>\n\t\t\t\t\t\t\t\t\t<\/a>\n\t\t\t\t\t\t\t<\/li>\n\t\t\t\t\n\t\t\t\t\t\t<li class=\"\">\n\t\t\t\t\t\t\t\t<a href=\"#leQ_aiEus9M\" class=\"yotu-video\" data-videoid=\"leQ_aiEus9M\" data-title=\"Carla Arce-Tord  \\&quot;Un viaje por la vida de las estrellas\\&quot;\" title=\"Carla Arce-Tord  &quot;Un viaje por la vida de las estrellas&quot;\">\n\t\t\t\t\t<div class=\"yotu-video-thumb-wrp\">\n\t\t\t\t\t\t<div>\n\t\t\t\t\t\t\t\t\t\t\t\t\t\t<img class=\"yotu-video-thumb\" src=\"https:\/\/i.ytimg.com\/vi\/leQ_aiEus9M\/sddefault.jpg\" alt=\"Carla Arce-Tord  &quot;Un viaje por la vida de las estrellas&quot;\">\t\n\t\t\t\t\t\t\t\t\t\t\t\t\t<\/div>\n\t\t\t\t\t<\/div>\n\t\t\t\t\t\t\t\t\t\t\t<h3 class=\"yotu-video-title\">Carla Arce-Tord  \"Un viaje por la vida de las estrellas\"<\/h3>\n\t\t\t\t\t\t\t\t\t\t\t\t\t\t\t\t\t\t\t\t\t<div class=\"yotu-video-description\"><\/div>\n\t\t\t\t\t\t\t\t\t<\/a>\n\t\t\t\t\t\t\t<\/li>\n\t\t\t\t\n\t\t\t\t\t\t<li class=\"\">\n\t\t\t\t\t\t\t\t<a href=\"#lS0SNPfRrpU\" class=\"yotu-video\" data-videoid=\"lS0SNPfRrpU\" data-title=\"\u00bfC\u00f3mo entender el c\u00e1ncer? \u00bfEl c\u00e1ncer se hereda?, PhD. Mev Dominguez\" title=\"\u00bfC\u00f3mo entender el c\u00e1ncer? \u00bfEl c\u00e1ncer se hereda?, PhD. Mev Dominguez\">\n\t\t\t\t\t<div class=\"yotu-video-thumb-wrp\">\n\t\t\t\t\t\t<div>\n\t\t\t\t\t\t\t\t\t\t\t\t\t\t<img class=\"yotu-video-thumb\" src=\"https:\/\/i.ytimg.com\/vi\/lS0SNPfRrpU\/sddefault.jpg\" alt=\"\u00bfC\u00f3mo entender el c\u00e1ncer? \u00bfEl c\u00e1ncer se hereda?, PhD. Mev Dominguez\">\t\n\t\t\t\t\t\t\t\t\t\t\t\t\t<\/div>\n\t\t\t\t\t<\/div>\n\t\t\t\t\t\t\t\t\t\t\t<h3 class=\"yotu-video-title\">\u00bfC\u00f3mo entender el c\u00e1ncer? \u00bfEl c\u00e1ncer se hereda?, PhD. Mev Dominguez<\/h3>\n\t\t\t\t\t\t\t\t\t\t\t\t\t\t\t\t\t\t\t\t\t<div class=\"yotu-video-description\"><\/div>\n\t\t\t\t\t\t\t\t\t<\/a>\n\t\t\t\t\t\t\t<\/li>\n\t\t\t\t\n\t\t\t\t\t\t<li class=\"\">\n\t\t\t\t\t\t\t\t<a href=\"#nUOgmLpz27A\" class=\"yotu-video\" data-videoid=\"nUOgmLpz27A\" data-title=\"\\&quot;Lo Cl\u00e1sico, lo cu\u00e1ntico y lo bonito de a luz\\&quot;, PhD Juan Loredo, Comparte Ciencias en la Escuela\" title=\"&quot;Lo Cl\u00e1sico, lo cu\u00e1ntico y lo bonito de a luz&quot;, PhD Juan Loredo, Comparte Ciencias en la Escuela\">\n\t\t\t\t\t<div class=\"yotu-video-thumb-wrp\">\n\t\t\t\t\t\t<div>\n\t\t\t\t\t\t\t\t\t\t\t\t\t\t<img class=\"yotu-video-thumb\" src=\"https:\/\/i.ytimg.com\/vi\/nUOgmLpz27A\/sddefault.jpg\" alt=\"&quot;Lo Cl\u00e1sico, lo cu\u00e1ntico y lo bonito de a luz&quot;, PhD Juan Loredo, Comparte Ciencias en la Escuela\">\t\n\t\t\t\t\t\t\t\t\t\t\t\t\t<\/div>\n\t\t\t\t\t<\/div>\n\t\t\t\t\t\t\t\t\t\t\t<h3 class=\"yotu-video-title\">\"Lo Cl\u00e1sico, lo cu\u00e1ntico y lo bonito de a luz\", PhD Juan Loredo, Comparte Ciencias en la Escuela<\/h3>\n\t\t\t\t\t\t\t\t\t\t\t\t\t\t\t\t\t\t\t\t\t<div class=\"yotu-video-description\"><\/div>\n\t\t\t\t\t\t\t\t\t<\/a>\n\t\t\t\t\t\t\t<\/li>\n\t\t\t\t\n\t\t\t\t\t\t<li class=\"\">\n\t\t\t\t\t\t\t\t<a href=\"#Ofkn5UqToO4\" class=\"yotu-video\" data-videoid=\"Ofkn5UqToO4\" data-title=\"\\&quot;Aplicaciones de las Im\u00e1genes Satelitales en la Gesti\u00f3n de Desastres\\&quot;, Dr. Avid Roman.\" title=\"&quot;Aplicaciones de las Im\u00e1genes Satelitales en la Gesti\u00f3n de Desastres&quot;, Dr. Avid Roman.\">\n\t\t\t\t\t<div class=\"yotu-video-thumb-wrp\">\n\t\t\t\t\t\t<div>\n\t\t\t\t\t\t\t\t\t\t\t\t\t\t<img class=\"yotu-video-thumb\" src=\"https:\/\/i.ytimg.com\/vi\/Ofkn5UqToO4\/hqdefault.jpg\" alt=\"&quot;Aplicaciones de las Im\u00e1genes Satelitales en la Gesti\u00f3n de Desastres&quot;, Dr. Avid Roman.\">\t\n\t\t\t\t\t\t\t\t\t\t\t\t\t<\/div>\n\t\t\t\t\t<\/div>\n\t\t\t\t\t\t\t\t\t\t\t<h3 class=\"yotu-video-title\">\"Aplicaciones de las Im\u00e1genes Satelitales en la Gesti\u00f3n de Desastres\", Dr. Avid Roman.<\/h3>\n\t\t\t\t\t\t\t\t\t\t\t\t\t\t\t\t\t\t\t\t\t<div class=\"yotu-video-description\"><\/div>\n\t\t\t\t\t\t\t\t\t<\/a>\n\t\t\t\t\t\t\t<\/li>\n\t\t\t\t\n\t\t\t\t\t\t<li class=\"\">\n\t\t\t\t\t\t\t\t<a href=\"#iQJubhwgN1w\" class=\"yotu-video\" data-videoid=\"iQJubhwgN1w\" data-title=\"El citoesqueleto celular: una \\&quot;red de autopistas\\&quot; dentro de la c\u00e9lula. MSc. Cayetana Arnaiz.\" title=\"El citoesqueleto celular: una &quot;red de autopistas&quot; dentro de la c\u00e9lula. MSc. Cayetana Arnaiz.\">\n\t\t\t\t\t<div class=\"yotu-video-thumb-wrp\">\n\t\t\t\t\t\t<div>\n\t\t\t\t\t\t\t\t\t\t\t\t\t\t<img class=\"yotu-video-thumb\" src=\"https:\/\/i.ytimg.com\/vi\/iQJubhwgN1w\/sddefault.jpg\" alt=\"El citoesqueleto celular: una &quot;red de autopistas&quot; dentro de la c\u00e9lula. MSc. Cayetana Arnaiz.\">\t\n\t\t\t\t\t\t\t\t\t\t\t\t\t<\/div>\n\t\t\t\t\t<\/div>\n\t\t\t\t\t\t\t\t\t\t\t<h3 class=\"yotu-video-title\">El citoesqueleto celular: una \"red de autopistas\" dentro de la c\u00e9lula. MSc. Cayetana Arnaiz.<\/h3>\n\t\t\t\t\t\t\t\t\t\t\t\t\t\t\t\t\t\t\t\t\t<div class=\"yotu-video-description\"><\/div>\n\t\t\t\t\t\t\t\t\t<\/a>\n\t\t\t\t\t\t\t<\/li>\n\t\t\t\t\n\t\t\t\t\t\t<li class=\"\">\n\t\t\t\t\t\t\t\t<a href=\"#zw91z5ucR-I\" class=\"yotu-video\" data-videoid=\"zw91z5ucR-I\" data-title=\"Taxonom\u00eda y Sistem\u00e1tica: \\&quot;el arte\\&quot; de clasificar a los seres vivos, MSc. Michael S. Vega\" title=\"Taxonom\u00eda y Sistem\u00e1tica: &quot;el arte&quot; de clasificar a los seres vivos, MSc. Michael S. Vega\">\n\t\t\t\t\t<div class=\"yotu-video-thumb-wrp\">\n\t\t\t\t\t\t<div>\n\t\t\t\t\t\t\t\t\t\t\t\t\t\t<img class=\"yotu-video-thumb\" src=\"https:\/\/i.ytimg.com\/vi\/zw91z5ucR-I\/sddefault.jpg\" alt=\"Taxonom\u00eda y Sistem\u00e1tica: &quot;el arte&quot; de clasificar a los seres vivos, MSc. Michael S. Vega\">\t\n\t\t\t\t\t\t\t\t\t\t\t\t\t<\/div>\n\t\t\t\t\t<\/div>\n\t\t\t\t\t\t\t\t\t\t\t<h3 class=\"yotu-video-title\">Taxonom\u00eda y Sistem\u00e1tica: \"el arte\" de clasificar a los seres vivos, MSc. Michael S. Vega<\/h3>\n\t\t\t\t\t\t\t\t\t\t\t\t\t\t\t\t\t\t\t\t\t<div class=\"yotu-video-description\"><\/div>\n\t\t\t\t\t\t\t\t\t<\/a>\n\t\t\t\t\t\t\t<\/li>\n\t\t\t\t\n\t\t\t\t\t\t<li class=\"\">\n\t\t\t\t\t\t\t\t<a href=\"#oVDjIVlbHbI\" class=\"yotu-video\" data-videoid=\"oVDjIVlbHbI\" data-title=\"Los cient\u00edficos en la sociedad: \u00bfQu\u00e9 hacemos los cient\u00edficos? Nahuel Monteblanco, PhD\" title=\"Los cient\u00edficos en la sociedad: \u00bfQu\u00e9 hacemos los cient\u00edficos? Nahuel Monteblanco, PhD\">\n\t\t\t\t\t<div class=\"yotu-video-thumb-wrp\">\n\t\t\t\t\t\t<div>\n\t\t\t\t\t\t\t\t\t\t\t\t\t\t<img class=\"yotu-video-thumb\" src=\"https:\/\/i.ytimg.com\/vi\/oVDjIVlbHbI\/sddefault.jpg\" alt=\"Los cient\u00edficos en la sociedad: \u00bfQu\u00e9 hacemos los cient\u00edficos? Nahuel Monteblanco, PhD\">\t\n\t\t\t\t\t\t\t\t\t\t\t\t\t<\/div>\n\t\t\t\t\t<\/div>\n\t\t\t\t\t\t\t\t\t\t\t<h3 class=\"yotu-video-title\">Los cient\u00edficos en la sociedad: \u00bfQu\u00e9 hacemos los cient\u00edficos? Nahuel Monteblanco, PhD<\/h3>\n\t\t\t\t\t\t\t\t\t\t\t\t\t\t\t\t\t\t\t\t\t<div class=\"yotu-video-description\"><\/div>\n\t\t\t\t\t\t\t\t\t<\/a>\n\t\t\t\t\t\t\t<\/li>\n\t\t\t\t\n\t\t\t\t\t\t<li class=\"\">\n\t\t\t\t\t\t\t\t<a href=\"#HQOsMkV5ckY\" class=\"yotu-video\" data-videoid=\"HQOsMkV5ckY\" data-title=\"Vibraciones y ondas mec\u00e1nicas, Instrumentos musicales incas y preincas. Dr. Victor Coronel\" title=\"Vibraciones y ondas mec\u00e1nicas, Instrumentos musicales incas y preincas. Dr. Victor Coronel\">\n\t\t\t\t\t<div class=\"yotu-video-thumb-wrp\">\n\t\t\t\t\t\t<div>\n\t\t\t\t\t\t\t\t\t\t\t\t\t\t<img class=\"yotu-video-thumb\" src=\"https:\/\/i.ytimg.com\/vi\/HQOsMkV5ckY\/sddefault.jpg\" alt=\"Vibraciones y ondas mec\u00e1nicas, Instrumentos musicales incas y preincas. Dr. Victor Coronel\">\t\n\t\t\t\t\t\t\t\t\t\t\t\t\t<\/div>\n\t\t\t\t\t<\/div>\n\t\t\t\t\t\t\t\t\t\t\t<h3 class=\"yotu-video-title\">Vibraciones y ondas mec\u00e1nicas, Instrumentos musicales incas y preincas. Dr. Victor Coronel<\/h3>\n\t\t\t\t\t\t\t\t\t\t\t\t\t\t\t\t\t\t\t\t\t<div class=\"yotu-video-description\"><\/div>\n\t\t\t\t\t\t\t\t\t<\/a>\n\t\t\t\t\t\t\t<\/li>\n\t\t\t\t\n\t\t\t\t\t\t<li class=\"\">\n\t\t\t\t\t\t\t\t<a href=\"#CUzRzzjqVQU\" class=\"yotu-video\" data-videoid=\"CUzRzzjqVQU\" data-title=\"\\&quot;El Origen del Universo y las part\u00edculas elementales\\&quot;, por el Dr. Cesar Castromonte.\" title=\"&quot;El Origen del Universo y las part\u00edculas elementales&quot;, por el Dr. Cesar Castromonte.\">\n\t\t\t\t\t<div class=\"yotu-video-thumb-wrp\">\n\t\t\t\t\t\t<div>\n\t\t\t\t\t\t\t\t\t\t\t\t\t\t<img class=\"yotu-video-thumb\" src=\"https:\/\/i.ytimg.com\/vi\/CUzRzzjqVQU\/hqdefault.jpg\" alt=\"&quot;El Origen del Universo y las part\u00edculas elementales&quot;, por el Dr. Cesar Castromonte.\">\t\n\t\t\t\t\t\t\t\t\t\t\t\t\t<\/div>\n\t\t\t\t\t<\/div>\n\t\t\t\t\t\t\t\t\t\t\t<h3 class=\"yotu-video-title\">\"El Origen del Universo y las part\u00edculas elementales\", por el Dr. Cesar Castromonte.<\/h3>\n\t\t\t\t\t\t\t\t\t\t\t\t\t\t\t\t\t\t\t\t\t<div class=\"yotu-video-description\"><\/div>\n\t\t\t\t\t\t\t\t\t<\/a>\n\t\t\t\t\t\t\t<\/li>\n\t\t\t\t\n\t\t\t\t\t\t<li class=\" yotu-last\">\n\t\t\t\t\t\t\t\t<a href=\"#9oKVGmnEklE\" class=\"yotu-video\" data-videoid=\"9oKVGmnEklE\" data-title=\"\\&quot;La importancia de las ondas electromagn\u00e9ticas\\&quot; Dr. Jorge Rafael Comparte #ComparteCienciasEscuela\" title=\"&quot;La importancia de las ondas electromagn\u00e9ticas&quot; Dr. Jorge Rafael Comparte #ComparteCienciasEscuela\">\n\t\t\t\t\t<div class=\"yotu-video-thumb-wrp\">\n\t\t\t\t\t\t<div>\n\t\t\t\t\t\t\t\t\t\t\t\t\t\t<img class=\"yotu-video-thumb\" src=\"https:\/\/i.ytimg.com\/vi\/9oKVGmnEklE\/sddefault.jpg\" alt=\"&quot;La importancia de las ondas electromagn\u00e9ticas&quot; Dr. Jorge Rafael Comparte #ComparteCienciasEscuela\">\t\n\t\t\t\t\t\t\t\t\t\t\t\t\t<\/div>\n\t\t\t\t\t<\/div>\n\t\t\t\t\t\t\t\t\t\t\t<h3 class=\"yotu-video-title\">\"La importancia de las ondas electromagn\u00e9ticas\" Dr. Jorge Rafael Comparte #ComparteCienciasEscuela<\/h3>\n\t\t\t\t\t\t\t\t\t\t\t\t\t\t\t\t\t\t\t\t\t<div class=\"yotu-video-description\"><\/div>\n\t\t\t\t\t\t\t\t\t<\/a>\n\t\t\t\t\t\t\t<\/li>\n\t\t\t\t\n\t\t\t\t<\/ul>\n<\/div><div class=\"yotu-pagination yotu-hide yotu-pager_layout-default yotu-pagination-bottom\">\n<a href=\"#\" class=\"yotu-pagination-prev yotu-button-prs yotu-button-prs-1\" data-page=\"prev\">Prev<\/a>\n<span class=\"yotu-pagination-current\">1<\/span> <span>of<\/span> <span class=\"yotu-pagination-total\">1<\/span>\n<a href=\"#\" class=\"yotu-pagination-next yotu-button-prs yotu-button-prs-1\" data-page=\"next\">Next<\/a>\n<\/div>\n\t\t\t\t<\/div>\n\t\t\t<\/div>\n\t\t\t\n","protected":false},"excerpt":{"rendered":"Espiando a lo medicamentos, MSc. Gabriela Mor\u00f3n \"Comparte Ciencias en la escuela\" UGEL Huancayo y Cient\u00edficos.pe tienen el agrado de invitarlos a la charla \"Espiando a los medicamentosos\" brindada por la MSc. Gabriela Mor\u00f3n. S\u00edguenos en vivo en esta, nuestra p\u00e1gina de Facebook Prev 1 of 1 Next Espiando a lo medicamentos, MSc. Gabriela Mor\u00f3n [...]","protected":false},"author":2,"featured_media":0,"parent":0,"menu_order":0,"comment_status":"closed","ping_status":"closed","template":"","meta":[],"_links":{"self":[{"href":"https:\/\/www.cientificos.pe\/index.php?rest_route=\/wp\/v2\/pages\/7991"}],"collection":[{"href":"https:\/\/www.cientificos.pe\/index.php?rest_route=\/wp\/v2\/pages"}],"about":[{"href":"https:\/\/www.cientificos.pe\/index.php?rest_route=\/wp\/v2\/types\/page"}],"author":[{"embeddable":true,"href":"https:\/\/www.cientificos.pe\/index.php?rest_route=\/wp\/v2\/users\/2"}],"replies":[{"embeddable":true,"href":"https:\/\/www.cientificos.pe\/index.php?rest_route=%2Fwp%2Fv2%2Fcomments&post=7991"}],"version-history":[{"count":2,"href":"https:\/\/www.cientificos.pe\/index.php?rest_route=\/wp\/v2\/pages\/7991\/revisions"}],"predecessor-version":[{"id":7993,"href":"https:\/\/www.cientificos.pe\/index.php?rest_route=\/wp\/v2\/pages\/7991\/revisions\/7993"}],"wp:attachment":[{"href":"https:\/\/www.cientificos.pe\/index.php?rest_route=%2Fwp%2Fv2%2Fmedia&parent=7991"}],"curies":[{"name":"wp","href":"https:\/\/api.w.org\/{rel}","templated":true}]}}