{"id":7996,"date":"2022-10-06T09:58:46","date_gmt":"2022-10-06T09:58:46","guid":{"rendered":"https:\/\/www.cientificos.pe\/?page_id=7996"},"modified":"2022-10-06T09:58:46","modified_gmt":"2022-10-06T09:58:46","slug":"videos-comparte-ciencias-unalm-2020-nanotecnologia-biologia-y-medio-ambiente","status":"publish","type":"page","link":"https:\/\/www.cientificos.pe\/?page_id=7996","title":{"rendered":"Videos Comparte Ciencias UNALM 2020 Nanotecnologia, Biologia y Medio ambiente."},"content":{"rendered":"\t\t\t<div \n\t\t\tclass=\"yotu-playlist yotuwp yotu-limit-min yotu-limit-max   yotu-thumb-169  yotu-template-grid\" \n\t\t\tdata-page=\"1\"\n\t\t\tid=\"yotuwp-69f8f980001bd\"\n\t\t\tdata-yotu=\"69f8f98038ed6\"\n\t\t\tdata-total=\"1\"\n\t\t\tdata-settings=\"eyJ0eXBlIjoicGxheWxpc3QiLCJpZCI6IlBMQl90bk4wLVE1c2JOcThwc0R0c0U0LWNTbFppdEhkbDMiLCJwYWdpbmF0aW9uIjoib24iLCJwYWdpdHlwZSI6InBhZ2VyIiwiY29sdW1uIjoiMiIsInBlcl9wYWdlIjoiMjAiLCJ0ZW1wbGF0ZSI6ImdyaWQiLCJ0aXRsZSI6Im9uIiwiZGVzY3JpcHRpb24iOiJvbiIsInRodW1icmF0aW8iOiIxNjkiLCJtZXRhIjoib2ZmIiwibWV0YV9kYXRhIjoib2ZmIiwibWV0YV9wb3NpdGlvbiI6Im9mZiIsImRhdGVfZm9ybWF0Ijoib2ZmIiwibWV0YV9hbGlnbiI6Im9mZiIsInN1YnNjcmliZSI6Im9mZiIsImR1cmF0aW9uIjoib2ZmIiwibWV0YV9pY29uIjoib2ZmIiwibmV4dHRleHQiOiIiLCJwcmV2dGV4dCI6IiIsImxvYWRtb3JldGV4dCI6IiIsInBsYXllciI6eyJtb2RlIjoibGFyZ2UiLCJ3aWR0aCI6IjYwMCIsInNjcm9sbGluZyI6IjEwMCIsImF1dG9wbGF5IjowLCJjb250cm9scyI6MSwibW9kZXN0YnJhbmRpbmciOjEsImxvb3AiOjAsImF1dG9uZXh0IjowLCJzaG93aW5mbyI6MSwicmVsIjoxLCJwbGF5aW5nIjoxLCJwbGF5aW5nX2Rlc2NyaXB0aW9uIjoxLCJ0aHVtYm5haWxzIjowLCJjY19sb2FkX3BvbGljeSI6IjEiLCJjY19sYW5nX3ByZWYiOiIxIiwiaGwiOiIiLCJpdl9sb2FkX3BvbGljeSI6IjEifSwibGFzdF90YWIiOiJwcmVtaXVtIiwidXNlX2FzX21vZGFsIjoib2ZmIiwibW9kYWxfaWQiOiJvZmYiLCJsYXN0X3VwZGF0ZSI6IjE2NjUwNTExMzgiLCJzdHlsaW5nIjp7InBhZ2VyX2xheW91dCI6ImRlZmF1bHQiLCJidXR0b24iOiIxIiwiYnV0dG9uX2NvbG9yIjoiIzNmM2YzZiIsImJ1dHRvbl9iZ19jb2xvciI6IiNlNWU1ZTUiLCJidXR0b25fY29sb3JfaG92ZXIiOiIiLCJidXR0b25fYmdfY29sb3JfaG92ZXIiOiIjYjViNWI1IiwidmlkZW9fc3R5bGUiOiJhYm5iIiwicGxheWljb25fY29sb3IiOiIiLCJob3Zlcl9pY29uIjoiIiwiZ2FsbGVyeV9iZyI6IiJ9LCJlZmZlY3RzIjp7InZpZGVvX2JveCI6IiIsImZsaXBfZWZmZWN0IjoiIn0sImdhbGxlcnlfaWQiOiI2OWY4Zjk4MDAwMWJkIiwibmV4dCI6IiIsInByZXYiOiIifQ==\"\n\t\t\tdata-player=\"large\"\n\t\t\tdata-showdesc=\"on\" >\n\t\t\t\t<div>\n\t\t\t\t\t\t\t\t\t\t<div class=\"yotu-wrapper-player\" style=\"width:600px\">\n\t\t\t\t\t\t\t\t\t\t\t\t\t<div class=\"yotu-playing\">\n\t\t\t\t\t\t\t\tPhD. Ken Takahashi. \"F\u00edsica del clima y su aplicaci\u00f3n para la sociedad\"\t\t\t\t\t\t\t<\/div>\n\t\t\t\t\t\t\t\t\t\t\t\t<div class=\"yotu-player\">\n\t\t\t\t\t\t\t<div class=\"yotu-video-placeholder\" id=\"yotu-player-69f8f98038ed6\"><\/div>\n\t\t\t\t\t\t<\/div>\n\t\t\t\t\t\t<div class=\"yotu-playing-status\"><\/div>\n\t\t\t\t\t\t\t\t\t\t\t\t<div class=\"yotu-playing-description\">\n\t\t\t\t\t\t\tPhD.  KEN TAKAHASHI, Presidente Ejecutivo del SENAMHI, investigador en el IGP y miembro del Comit\u00e9 Cient\u00edfico del Programa Mundial de Investigaci\u00f3n del Clima (WCRP)\t\t\t\t\t\t<\/div>\n\t\t\t\t\t\t\t\t\t\t\t<\/div>\n\n\t\t\t\t\t<div class=\"yotu-pagination yotu-hide yotu-pager_layout-default yotu-pagination-top\">\n<a href=\"#\" class=\"yotu-pagination-prev yotu-button-prs yotu-button-prs-1\" data-page=\"prev\">Prev<\/a>\n<span class=\"yotu-pagination-current\">1<\/span> <span>of<\/span> <span class=\"yotu-pagination-total\">1<\/span>\n<a href=\"#\" class=\"yotu-pagination-next yotu-button-prs yotu-button-prs-1\" data-page=\"next\">Next<\/a>\n<\/div>\n<div class=\"yotu-videos yotu-mode-grid yotu-preset yotu-preset-abnb yotu-column-2 yotu-player-mode-large\">\n\t<ul>\n\t\t\t\t\t<li class=\" yotu-first\">\n\t\t\t\t\t\t\t\t<a href=\"#toltrVtHCCc\" class=\"yotu-video\" data-videoid=\"toltrVtHCCc\" data-title=\"PhD. Ken Takahashi. \\&quot;F\u00edsica del clima y su aplicaci\u00f3n para la sociedad\\&quot;\" title=\"PhD. Ken Takahashi. &quot;F\u00edsica del clima y su aplicaci\u00f3n para la sociedad&quot;\">\n\t\t\t\t\t<div class=\"yotu-video-thumb-wrp\">\n\t\t\t\t\t\t<div>\n\t\t\t\t\t\t\t\t\t\t\t\t\t\t<img class=\"yotu-video-thumb\" src=\"https:\/\/i.ytimg.com\/vi\/toltrVtHCCc\/sddefault.jpg\" alt=\"PhD. Ken Takahashi. &quot;F\u00edsica del clima y su aplicaci\u00f3n para la sociedad&quot;\">\t\n\t\t\t\t\t\t\t\t\t\t\t\t\t<\/div>\n\t\t\t\t\t<\/div>\n\t\t\t\t\t\t\t\t\t\t\t<h3 class=\"yotu-video-title\">PhD. Ken Takahashi. \"F\u00edsica del clima y su aplicaci\u00f3n para la sociedad\"<\/h3>\n\t\t\t\t\t\t\t\t\t\t\t\t\t\t\t\t\t\t\t\t\t<div class=\"yotu-video-description\"><\/div>\n\t\t\t\t\t\t\t\t\t<\/a>\n\t\t\t\t\t\t\t<\/li>\n\t\t\t\t\n\t\t\t\t\t\t<li class=\"\">\n\t\t\t\t\t\t\t\t<a href=\"#uW_5VKkhxX0\" class=\"yotu-video\" data-videoid=\"uW_5VKkhxX0\" data-title=\"Comparte Ciencias: Dra Evelyn Re\u00e1tegui. \\&quot;Las cr\u00f3nicas de una investigadora\\&quot;\" title=\"Comparte Ciencias: Dra Evelyn Re\u00e1tegui. &quot;Las cr\u00f3nicas de una investigadora&quot;\">\n\t\t\t\t\t<div class=\"yotu-video-thumb-wrp\">\n\t\t\t\t\t\t<div>\n\t\t\t\t\t\t\t\t\t\t\t\t\t\t<img class=\"yotu-video-thumb\" src=\"https:\/\/i.ytimg.com\/vi\/uW_5VKkhxX0\/sddefault.jpg\" alt=\"Comparte Ciencias: Dra Evelyn Re\u00e1tegui. &quot;Las cr\u00f3nicas de una investigadora&quot;\">\t\n\t\t\t\t\t\t\t\t\t\t\t\t\t<\/div>\n\t\t\t\t\t<\/div>\n\t\t\t\t\t\t\t\t\t\t\t<h3 class=\"yotu-video-title\">Comparte Ciencias: Dra Evelyn Re\u00e1tegui. \"Las cr\u00f3nicas de una investigadora\"<\/h3>\n\t\t\t\t\t\t\t\t\t\t\t\t\t\t\t\t\t\t\t\t\t<div class=\"yotu-video-description\"><\/div>\n\t\t\t\t\t\t\t\t\t<\/a>\n\t\t\t\t\t\t\t<\/li>\n\t\t\t\t\n\t\t\t\t\t\t<li class=\"\">\n\t\t\t\t\t\t\t\t<a href=\"#cPK81LiRO-g\" class=\"yotu-video\" data-videoid=\"cPK81LiRO-g\" data-title=\"Comparte Ciencias  PhD  Sergio Santa Maria, desde la NASA\" title=\"Comparte Ciencias  PhD  Sergio Santa Maria, desde la NASA\">\n\t\t\t\t\t<div class=\"yotu-video-thumb-wrp\">\n\t\t\t\t\t\t<div>\n\t\t\t\t\t\t\t\t\t\t\t\t\t\t<img class=\"yotu-video-thumb\" src=\"https:\/\/i.ytimg.com\/vi\/cPK81LiRO-g\/sddefault.jpg\" alt=\"Comparte Ciencias  PhD  Sergio Santa Maria, desde la NASA\">\t\n\t\t\t\t\t\t\t\t\t\t\t\t\t<\/div>\n\t\t\t\t\t<\/div>\n\t\t\t\t\t\t\t\t\t\t\t<h3 class=\"yotu-video-title\">Comparte Ciencias  PhD  Sergio Santa Maria, desde la NASA<\/h3>\n\t\t\t\t\t\t\t\t\t\t\t\t\t\t\t\t\t\t\t\t\t<div class=\"yotu-video-description\"><\/div>\n\t\t\t\t\t\t\t\t\t<\/a>\n\t\t\t\t\t\t\t<\/li>\n\t\t\t\t\n\t\t\t\t\t\t<li class=\"\">\n\t\t\t\t\t\t\t\t<a href=\"#PHhJja7j8us\" class=\"yotu-video\" data-videoid=\"PHhJja7j8us\" data-title=\"Comparte Ciencias. Dr. Iv\u00e1n Loaiza- Ciencias marinas en el Per\u00fa! A\u00fan mucho por descubrir y publicar!\" title=\"Comparte Ciencias. Dr. Iv\u00e1n Loaiza- Ciencias marinas en el Per\u00fa! A\u00fan mucho por descubrir y publicar!\">\n\t\t\t\t\t<div class=\"yotu-video-thumb-wrp\">\n\t\t\t\t\t\t<div>\n\t\t\t\t\t\t\t\t\t\t\t\t\t\t<img class=\"yotu-video-thumb\" src=\"https:\/\/i.ytimg.com\/vi\/PHhJja7j8us\/sddefault.jpg\" alt=\"Comparte Ciencias. Dr. Iv\u00e1n Loaiza- Ciencias marinas en el Per\u00fa! A\u00fan mucho por descubrir y publicar!\">\t\n\t\t\t\t\t\t\t\t\t\t\t\t\t<\/div>\n\t\t\t\t\t<\/div>\n\t\t\t\t\t\t\t\t\t\t\t<h3 class=\"yotu-video-title\">Comparte Ciencias. Dr. Iv\u00e1n Loaiza- Ciencias marinas en el Per\u00fa! A\u00fan mucho por descubrir y publicar!<\/h3>\n\t\t\t\t\t\t\t\t\t\t\t\t\t\t\t\t\t\t\t\t\t<div class=\"yotu-video-description\"><\/div>\n\t\t\t\t\t\t\t\t\t<\/a>\n\t\t\t\t\t\t\t<\/li>\n\t\t\t\t\n\t\t\t\t\t\t<li class=\"\">\n\t\t\t\t\t\t\t\t<a href=\"#68_hQM9SMOU\" class=\"yotu-video\" data-videoid=\"68_hQM9SMOU\" data-title=\"Comparte Ciencias. Dr. Jos\u00e9 Arenas\" title=\"Comparte Ciencias. Dr. Jos\u00e9 Arenas\">\n\t\t\t\t\t<div class=\"yotu-video-thumb-wrp\">\n\t\t\t\t\t\t<div>\n\t\t\t\t\t\t\t\t\t\t\t\t\t\t<img class=\"yotu-video-thumb\" src=\"https:\/\/i.ytimg.com\/vi\/68_hQM9SMOU\/sddefault.jpg\" alt=\"Comparte Ciencias. Dr. Jos\u00e9 Arenas\">\t\n\t\t\t\t\t\t\t\t\t\t\t\t\t<\/div>\n\t\t\t\t\t<\/div>\n\t\t\t\t\t\t\t\t\t\t\t<h3 class=\"yotu-video-title\">Comparte Ciencias. Dr. Jos\u00e9 Arenas<\/h3>\n\t\t\t\t\t\t\t\t\t\t\t\t\t\t\t\t\t\t\t\t\t<div class=\"yotu-video-description\"><\/div>\n\t\t\t\t\t\t\t\t\t<\/a>\n\t\t\t\t\t\t\t<\/li>\n\t\t\t\t\n\t\t\t\t\t\t<li class=\"\">\n\t\t\t\t\t\t\t\t<a href=\"#f0HpiF9cCXg\" class=\"yotu-video\" data-videoid=\"f0HpiF9cCXg\" data-title=\"Comparte Ciencias UNALM 2020. PhD. Maria Quintana \\&quot;Aplicaciones del grafeno en el Peru\\&quot;\" title=\"Comparte Ciencias UNALM 2020. PhD. Maria Quintana &quot;Aplicaciones del grafeno en el Peru&quot;\">\n\t\t\t\t\t<div class=\"yotu-video-thumb-wrp\">\n\t\t\t\t\t\t<div>\n\t\t\t\t\t\t\t\t\t\t\t\t\t\t<img class=\"yotu-video-thumb\" src=\"https:\/\/i.ytimg.com\/vi\/f0HpiF9cCXg\/sddefault.jpg\" alt=\"Comparte Ciencias UNALM 2020. PhD. Maria Quintana &quot;Aplicaciones del grafeno en el Peru&quot;\">\t\n\t\t\t\t\t\t\t\t\t\t\t\t\t<\/div>\n\t\t\t\t\t<\/div>\n\t\t\t\t\t\t\t\t\t\t\t<h3 class=\"yotu-video-title\">Comparte Ciencias UNALM 2020. PhD. Maria Quintana \"Aplicaciones del grafeno en el Peru\"<\/h3>\n\t\t\t\t\t\t\t\t\t\t\t\t\t\t\t\t\t\t\t\t\t<div class=\"yotu-video-description\"><\/div>\n\t\t\t\t\t\t\t\t\t<\/a>\n\t\t\t\t\t\t\t<\/li>\n\t\t\t\t\n\t\t\t\t\t\t<li class=\"\">\n\t\t\t\t\t\t\t\t<a href=\"#O6aXwsauUTI\" class=\"yotu-video\" data-videoid=\"O6aXwsauUTI\" data-title=\"Comparte Ciencias.  PhD. Yamina Silva. \\&quot;Ciencias Atmosf\u00e9ricas en los Andes Peruanos\\&quot;\" title=\"Comparte Ciencias.  PhD. Yamina Silva. &quot;Ciencias Atmosf\u00e9ricas en los Andes Peruanos&quot;\">\n\t\t\t\t\t<div class=\"yotu-video-thumb-wrp\">\n\t\t\t\t\t\t<div>\n\t\t\t\t\t\t\t\t\t\t\t\t\t\t<img class=\"yotu-video-thumb\" src=\"https:\/\/i.ytimg.com\/vi\/O6aXwsauUTI\/sddefault.jpg\" alt=\"Comparte Ciencias.  PhD. Yamina Silva. &quot;Ciencias Atmosf\u00e9ricas en los Andes Peruanos&quot;\">\t\n\t\t\t\t\t\t\t\t\t\t\t\t\t<\/div>\n\t\t\t\t\t<\/div>\n\t\t\t\t\t\t\t\t\t\t\t<h3 class=\"yotu-video-title\">Comparte Ciencias.  PhD. Yamina Silva. \"Ciencias Atmosf\u00e9ricas en los Andes Peruanos\"<\/h3>\n\t\t\t\t\t\t\t\t\t\t\t\t\t\t\t\t\t\t\t\t\t<div class=\"yotu-video-description\"><\/div>\n\t\t\t\t\t\t\t\t\t<\/a>\n\t\t\t\t\t\t\t<\/li>\n\t\t\t\t\n\t\t\t\t\t\t<li class=\"\">\n\t\t\t\t\t\t\t\t<a href=\"#1rROKxUtxIU\" class=\"yotu-video\" data-videoid=\"1rROKxUtxIU\" data-title=\"Comparte Ciencias : PhD. Ivonne Montes: Modelado num\u00e9rico en la investigaci\u00f3n en Oceanograf\u00eda\" title=\"Comparte Ciencias : PhD. Ivonne Montes: Modelado num\u00e9rico en la investigaci\u00f3n en Oceanograf\u00eda\">\n\t\t\t\t\t<div class=\"yotu-video-thumb-wrp\">\n\t\t\t\t\t\t<div>\n\t\t\t\t\t\t\t\t\t\t\t\t\t\t<img class=\"yotu-video-thumb\" src=\"https:\/\/i.ytimg.com\/vi\/1rROKxUtxIU\/sddefault.jpg\" alt=\"Comparte Ciencias : PhD. Ivonne Montes: Modelado num\u00e9rico en la investigaci\u00f3n en Oceanograf\u00eda\">\t\n\t\t\t\t\t\t\t\t\t\t\t\t\t<\/div>\n\t\t\t\t\t<\/div>\n\t\t\t\t\t\t\t\t\t\t\t<h3 class=\"yotu-video-title\">Comparte Ciencias : PhD. Ivonne Montes: Modelado num\u00e9rico en la investigaci\u00f3n en Oceanograf\u00eda<\/h3>\n\t\t\t\t\t\t\t\t\t\t\t\t\t\t\t\t\t\t\t\t\t<div class=\"yotu-video-description\"><\/div>\n\t\t\t\t\t\t\t\t\t<\/a>\n\t\t\t\t\t\t\t<\/li>\n\t\t\t\t\n\t\t\t\t\t\t<li class=\" yotu-last\">\n\t\t\t\t\t\t\t\t<a href=\"#hpQVJZTvwMU\" class=\"yotu-video\" data-videoid=\"hpQVJZTvwMU\" data-title=\"Comparte Ciencias: PhD. Juan Carlos Rodriguez. Importancia de la colectividad hidrol\u00f3gica\" title=\"Comparte Ciencias: PhD. Juan Carlos Rodriguez. Importancia de la colectividad hidrol\u00f3gica\">\n\t\t\t\t\t<div class=\"yotu-video-thumb-wrp\">\n\t\t\t\t\t\t<div>\n\t\t\t\t\t\t\t\t\t\t\t\t\t\t<img class=\"yotu-video-thumb\" src=\"https:\/\/i.ytimg.com\/vi\/hpQVJZTvwMU\/sddefault.jpg\" alt=\"Comparte Ciencias: PhD. Juan Carlos Rodriguez. Importancia de la colectividad hidrol\u00f3gica\">\t\n\t\t\t\t\t\t\t\t\t\t\t\t\t<\/div>\n\t\t\t\t\t<\/div>\n\t\t\t\t\t\t\t\t\t\t\t<h3 class=\"yotu-video-title\">Comparte Ciencias: PhD. Juan Carlos Rodriguez. Importancia de la colectividad hidrol\u00f3gica<\/h3>\n\t\t\t\t\t\t\t\t\t\t\t\t\t\t\t\t\t\t\t\t\t<div class=\"yotu-video-description\"><\/div>\n\t\t\t\t\t\t\t\t\t<\/a>\n\t\t\t\t\t\t\t<\/li>\n\t\t\t\t\n\t\t\t\t<\/ul>\n<\/div><div class=\"yotu-pagination yotu-hide yotu-pager_layout-default yotu-pagination-bottom\">\n<a href=\"#\" class=\"yotu-pagination-prev yotu-button-prs yotu-button-prs-1\" data-page=\"prev\">Prev<\/a>\n<span class=\"yotu-pagination-current\">1<\/span> <span>of<\/span> <span class=\"yotu-pagination-total\">1<\/span>\n<a href=\"#\" class=\"yotu-pagination-next yotu-button-prs yotu-button-prs-1\" data-page=\"next\">Next<\/a>\n<\/div>\n\t\t\t\t<\/div>\n\t\t\t<\/div>\n\t\t\t\n","protected":false},"excerpt":{"rendered":"PhD. Ken Takahashi. \"F\u00edsica del clima y su aplicaci\u00f3n para la sociedad\" PhD. KEN TAKAHASHI, Presidente Ejecutivo del SENAMHI, investigador en el IGP y miembro del Comit\u00e9 Cient\u00edfico del Programa Mundial de Investigaci\u00f3n del Clima (WCRP) Prev 1 of 1 Next PhD. Ken Takahashi. \"F\u00edsica del clima y su aplicaci\u00f3n para la sociedad\" Comparte Ciencias: [...]","protected":false},"author":2,"featured_media":0,"parent":0,"menu_order":0,"comment_status":"closed","ping_status":"closed","template":"","meta":[],"_links":{"self":[{"href":"https:\/\/www.cientificos.pe\/index.php?rest_route=\/wp\/v2\/pages\/7996"}],"collection":[{"href":"https:\/\/www.cientificos.pe\/index.php?rest_route=\/wp\/v2\/pages"}],"about":[{"href":"https:\/\/www.cientificos.pe\/index.php?rest_route=\/wp\/v2\/types\/page"}],"author":[{"embeddable":true,"href":"https:\/\/www.cientificos.pe\/index.php?rest_route=\/wp\/v2\/users\/2"}],"replies":[{"embeddable":true,"href":"https:\/\/www.cientificos.pe\/index.php?rest_route=%2Fwp%2Fv2%2Fcomments&post=7996"}],"version-history":[{"count":1,"href":"https:\/\/www.cientificos.pe\/index.php?rest_route=\/wp\/v2\/pages\/7996\/revisions"}],"predecessor-version":[{"id":7997,"href":"https:\/\/www.cientificos.pe\/index.php?rest_route=\/wp\/v2\/pages\/7996\/revisions\/7997"}],"wp:attachment":[{"href":"https:\/\/www.cientificos.pe\/index.php?rest_route=%2Fwp%2Fv2%2Fmedia&parent=7996"}],"curies":[{"name":"wp","href":"https:\/\/api.w.org\/{rel}","templated":true}]}}